{"id":1637,"date":"2025-10-25T15:03:59","date_gmt":"2025-10-25T12:03:59","guid":{"rendered":"https:\/\/ionian.softwebpages.eu\/aquapark\/"},"modified":"2025-12-22T22:44:58","modified_gmt":"2025-12-22T20:44:58","slug":"aquapark","status":"publish","type":"page","link":"https:\/\/ionianseahotel.gr\/cs\/aquapark\/","title":{"rendered":"Aquapark"},"content":{"rendered":"\t\t<div data-elementor-type=\"wp-page\" data-elementor-id=\"1637\" class=\"elementor elementor-1637 elementor-607\" data-elementor-post-type=\"page\">\n\t\t\t\t<div class=\"elementor-element elementor-element-0be40f2 e-flex e-con-boxed e-con e-parent\" data-id=\"0be40f2\" data-element_type=\"container\" data-settings=\"{&quot;background_background&quot;:&quot;classic&quot;}\">\n\t\t\t\t\t<div class=\"e-con-inner\">\n\t\t<div class=\"elementor-element elementor-element-5efc68c e-con-full e-flex e-con e-child\" data-id=\"5efc68c\" data-element_type=\"container\">\n\t\t\t\t<\/div>\n\t\t<div class=\"elementor-element elementor-element-36aa9ec e-con-full e-flex e-con e-child\" data-id=\"36aa9ec\" data-element_type=\"container\">\n\t\t\t\t<div class=\"elementor-element elementor-element-d32fc17 animated-slow elementor-invisible elementor-widget elementor-widget-heading\" data-id=\"d32fc17\" data-element_type=\"widget\" data-settings=\"{&quot;_animation&quot;:&quot;zoomIn&quot;}\" data-widget_type=\"heading.default\">\n\t\t\t\t\t<h1 class=\"elementor-heading-title elementor-size-default\">Aquapark<\/h1>\t\t\t\t<\/div>\n\t\t\t\t<\/div>\n\t\t<div class=\"elementor-element elementor-element-a390295 e-con-full e-flex e-con e-child\" data-id=\"a390295\" data-element_type=\"container\">\n\t\t\t\t<div class=\"elementor-element elementor-element-9d0d55c animated-slow elementor-view-default elementor-invisible elementor-widget elementor-widget-icon\" data-id=\"9d0d55c\" data-element_type=\"widget\" data-settings=\"{&quot;_animation&quot;:&quot;fadeInDown&quot;}\" data-widget_type=\"icon.default\">\n\t\t\t\t\t\t\t<div class=\"elementor-icon-wrapper\">\n\t\t\t<a class=\"elementor-icon\" href=\"#aquapark\">\n\t\t\t<svg xmlns=\"http:\/\/www.w3.org\/2000\/svg\" width=\"76\" height=\"103\" viewBox=\"0 0 76 103\"><g id=\"Group_261\" data-name=\"Group 261\" transform=\"translate(-922 -942)\"><path id=\"Path_1\" data-name=\"Path 1\" d=\"M39,41.242,51.371,28.871,39,16.5Z\" transform=\"translate(988.871 963.278) rotate(90)\" fill=\"#fff\"><\/path><line id=\"Line_22\" data-name=\"Line 22\" x1=\"68\" transform=\"translate(960 942) rotate(90)\" fill=\"none\" stroke=\"#fff\" stroke-width=\"2\"><\/line><circle id=\"Ellipse_1\" data-name=\"Ellipse 1\" cx=\"37\" cy=\"37\" r=\"37\" transform=\"translate(997 970) rotate(90)\" fill=\"none\" stroke=\"#fff\" stroke-width=\"2\"><\/circle><\/g><\/svg>\t\t\t<\/a>\n\t\t<\/div>\n\t\t\t\t\t\t<\/div>\n\t\t\t\t<\/div>\n\t\t\t\t\t<\/div>\n\t\t\t\t<\/div>\n\t\t<div class=\"elementor-element elementor-element-7adde5d e-flex e-con-boxed e-con e-parent\" data-id=\"7adde5d\" data-element_type=\"container\">\n\t\t\t\t\t<div class=\"e-con-inner\">\n\t\t\t\t<div class=\"elementor-element elementor-element-ddb6d09 elementor-widget elementor-widget-menu-anchor\" data-id=\"ddb6d09\" data-element_type=\"widget\" data-widget_type=\"menu-anchor.default\">\n\t\t\t\t\t\t\t<div class=\"elementor-menu-anchor\" id=\"aquapark\"><\/div>\n\t\t\t\t\t\t<\/div>\n\t\t\t\t\t<\/div>\n\t\t\t\t<\/div>\n\t\t<div class=\"elementor-element elementor-element-0e575f5 e-con-full e-flex e-con e-parent\" data-id=\"0e575f5\" data-element_type=\"container\">\n\t\t<div class=\"elementor-element elementor-element-1c478d5 e-con-full e-flex e-con e-child\" data-id=\"1c478d5\" data-element_type=\"container\">\n\t\t<div class=\"elementor-element elementor-element-ed5105f e-con-full e-flex e-con e-child\" data-id=\"ed5105f\" data-element_type=\"container\">\n\t\t<div class=\"elementor-element elementor-element-dc4fba5 e-con-full e-flex e-con e-child\" data-id=\"dc4fba5\" data-element_type=\"container\">\n\t\t\t\t<div class=\"elementor-element elementor-element-ca3043f elementor-widget elementor-widget-heading\" data-id=\"ca3043f\" data-element_type=\"widget\" data-widget_type=\"heading.default\">\n\t\t\t\t\t<h2 class=\"elementor-heading-title elementor-size-default\">Aquapark<\/h2>\t\t\t\t<\/div>\n\t\t\t\t<div class=\"elementor-element elementor-element-00e2dee elementor-widget__width-initial elementor-widget elementor-widget-text-editor\" data-id=\"00e2dee\" data-element_type=\"widget\" data-widget_type=\"text-editor.default\">\n\t\t\t\t\t\t\t\t\t<p>V are\u00e1lu IONIAN SEA HOTEL najdete n\u00e1\u0161 Aquapark, kde se m\u016f\u017eete bavit na 5 velkolep\u00fdch tobog\u00e1nech (1 rodinn\u00fd, 2 otev\u0159en\u00e9, 2 uzav\u0159en\u00e9) od 10:00 do 18:00 za p\u0159ekvapivou cenu!<\/p>\n<p>V Aqua Baru si m\u016f\u017eete vychutnat koktejly, \u010derstv\u00e9 d\u017eusy, k\u00e1vu, zmrzlinu, r\u016fzn\u00e9 ob\u010derstven\u00ed a lehk\u00e1 j\u00eddla.<\/p>\n<p>Jen p\u00e1r metr\u016f odtud najdete 2 baz\u00e9ny pro dosp\u011bl\u00e9, jeden baz\u00e9n speci\u00e1ln\u011b navr\u017een\u00fd pro d\u011bti a kojence a bar u baz\u00e9nu Ionian Sea. Baz\u00e9ny jsou otev\u0159eny od 10:00 do 20:00.<\/p>\n\t\t\t\t\t\t\t\t<\/div>\n\t\t\t\t<\/div>\n\t\t\t\t<\/div>\n\t\t<div class=\"elementor-element elementor-element-883b089 e-con-full e-flex e-con e-child\" data-id=\"883b089\" data-element_type=\"container\">\n\t\t\t\t<div class=\"elementor-element elementor-element-8a2f91b elementor-widget elementor-widget-gallery\" data-id=\"8a2f91b\" data-element_type=\"widget\" data-settings=\"{&quot;gallery_layout&quot;:&quot;masonry&quot;,&quot;columns&quot;:2,&quot;columns_laptop&quot;:2,&quot;columns_tablet_extra&quot;:2,&quot;columns_mobile_extra&quot;:1,&quot;lazyload&quot;:&quot;yes&quot;,&quot;columns_tablet&quot;:2,&quot;columns_mobile&quot;:1,&quot;gap&quot;:{&quot;unit&quot;:&quot;px&quot;,&quot;size&quot;:10,&quot;sizes&quot;:[]},&quot;gap_widescreen&quot;:{&quot;unit&quot;:&quot;px&quot;,&quot;size&quot;:&quot;&quot;,&quot;sizes&quot;:[]},&quot;gap_laptop&quot;:{&quot;unit&quot;:&quot;px&quot;,&quot;size&quot;:10,&quot;sizes&quot;:[]},&quot;gap_tablet_extra&quot;:{&quot;unit&quot;:&quot;px&quot;,&quot;size&quot;:10,&quot;sizes&quot;:[]},&quot;gap_tablet&quot;:{&quot;unit&quot;:&quot;px&quot;,&quot;size&quot;:10,&quot;sizes&quot;:[]},&quot;gap_mobile_extra&quot;:{&quot;unit&quot;:&quot;px&quot;,&quot;size&quot;:10,&quot;sizes&quot;:[]},&quot;gap_mobile&quot;:{&quot;unit&quot;:&quot;px&quot;,&quot;size&quot;:10,&quot;sizes&quot;:[]},&quot;link_to&quot;:&quot;file&quot;,&quot;content_hover_animation&quot;:&quot;fade-in&quot;}\" data-widget_type=\"gallery.default\">\n\t\t\t\t\t\t\t<div class=\"elementor-gallery__container\">\n\t\t\t\t\t\t\t<a class=\"e-gallery-item elementor-gallery-item elementor-animated-content\" href=\"https:\/\/ionianseahotel.gr\/wp-content\/uploads\/2025\/12\/9355.webp\" data-elementor-open-lightbox=\"yes\" data-elementor-lightbox-slideshow=\"8a2f91b\" data-e-action-hash=\"#elementor-action%3Aaction%3Dlightbox%26settings%3DeyJpZCI6Mjg5MCwidXJsIjoiaHR0cHM6XC9cL2lvbmlhbnNlYWhvdGVsLmdyXC93cC1jb250ZW50XC91cGxvYWRzXC8yMDI1XC8xMlwvOTM1NS53ZWJwIiwic2xpZGVzaG93IjoiOGEyZjkxYiJ9\">\n\t\t\t\t\t<div class=\"e-gallery-image elementor-gallery-item__image\" data-thumbnail=\"https:\/\/ionianseahotel.gr\/wp-content\/uploads\/2025\/12\/9355.webp\" data-width=\"1080\" data-height=\"1080\" aria-label=\"\" role=\"img\" ><\/div>\n\t\t\t\t\t\t\t\t\t\t\t\t\t\t<\/a>\n\t\t\t\t\t\t\t<a class=\"e-gallery-item elementor-gallery-item elementor-animated-content\" href=\"https:\/\/ionianseahotel.gr\/wp-content\/uploads\/2025\/12\/4622.webp\" data-elementor-open-lightbox=\"yes\" data-elementor-lightbox-slideshow=\"8a2f91b\" data-e-action-hash=\"#elementor-action%3Aaction%3Dlightbox%26settings%3DeyJpZCI6Mjg5MiwidXJsIjoiaHR0cHM6XC9cL2lvbmlhbnNlYWhvdGVsLmdyXC93cC1jb250ZW50XC91cGxvYWRzXC8yMDI1XC8xMlwvNDYyMi53ZWJwIiwic2xpZGVzaG93IjoiOGEyZjkxYiJ9\">\n\t\t\t\t\t<div class=\"e-gallery-image elementor-gallery-item__image\" data-thumbnail=\"https:\/\/ionianseahotel.gr\/wp-content\/uploads\/2025\/12\/4622.webp\" data-width=\"1080\" data-height=\"810\" aria-label=\"\" role=\"img\" ><\/div>\n\t\t\t\t\t\t\t\t\t\t\t\t\t\t<\/a>\n\t\t\t\t\t\t\t<a class=\"e-gallery-item elementor-gallery-item elementor-animated-content\" href=\"https:\/\/ionianseahotel.gr\/wp-content\/uploads\/2025\/12\/4623.webp\" data-elementor-open-lightbox=\"yes\" data-elementor-lightbox-slideshow=\"8a2f91b\" data-e-action-hash=\"#elementor-action%3Aaction%3Dlightbox%26settings%3DeyJpZCI6Mjg5MywidXJsIjoiaHR0cHM6XC9cL2lvbmlhbnNlYWhvdGVsLmdyXC93cC1jb250ZW50XC91cGxvYWRzXC8yMDI1XC8xMlwvNDYyMy53ZWJwIiwic2xpZGVzaG93IjoiOGEyZjkxYiJ9\">\n\t\t\t\t\t<div class=\"e-gallery-image elementor-gallery-item__image\" data-thumbnail=\"https:\/\/ionianseahotel.gr\/wp-content\/uploads\/2025\/12\/4623.webp\" data-width=\"1080\" data-height=\"810\" aria-label=\"\" role=\"img\" ><\/div>\n\t\t\t\t\t\t\t\t\t\t\t\t\t\t<\/a>\n\t\t\t\t\t\t\t<a class=\"e-gallery-item elementor-gallery-item elementor-animated-content\" href=\"https:\/\/ionianseahotel.gr\/wp-content\/uploads\/2025\/10\/15-.jpg\" data-elementor-open-lightbox=\"yes\" data-elementor-lightbox-slideshow=\"8a2f91b\" data-e-action-hash=\"#elementor-action%3Aaction%3Dlightbox%26settings%3DeyJpZCI6MTYzMywidXJsIjoiaHR0cHM6XC9cL2lvbmlhbnNlYWhvdGVsLmdyXC93cC1jb250ZW50XC91cGxvYWRzXC8yMDI1XC8xMFwvMTUtLmpwZyIsInNsaWRlc2hvdyI6IjhhMmY5MWIifQ%3D%3D\">\n\t\t\t\t\t<div class=\"e-gallery-image elementor-gallery-item__image\" data-thumbnail=\"https:\/\/ionianseahotel.gr\/wp-content\/uploads\/2025\/10\/15-.jpg\" data-width=\"1024\" data-height=\"675\" aria-label=\"\" role=\"img\" ><\/div>\n\t\t\t\t\t\t\t\t\t\t\t\t\t\t<\/a>\n\t\t\t\t\t\t\t<a class=\"e-gallery-item elementor-gallery-item elementor-animated-content\" href=\"https:\/\/ionianseahotel.gr\/wp-content\/uploads\/2025\/10\/17.jpg\" data-elementor-open-lightbox=\"yes\" data-elementor-lightbox-slideshow=\"8a2f91b\" data-e-action-hash=\"#elementor-action%3Aaction%3Dlightbox%26settings%3DeyJpZCI6MTYyOCwidXJsIjoiaHR0cHM6XC9cL2lvbmlhbnNlYWhvdGVsLmdyXC93cC1jb250ZW50XC91cGxvYWRzXC8yMDI1XC8xMFwvMTcuanBnIiwic2xpZGVzaG93IjoiOGEyZjkxYiJ9\">\n\t\t\t\t\t<div class=\"e-gallery-image elementor-gallery-item__image\" data-thumbnail=\"https:\/\/ionianseahotel.gr\/wp-content\/uploads\/2025\/10\/17.jpg\" data-width=\"1920\" data-height=\"1079\" aria-label=\"\" role=\"img\" ><\/div>\n\t\t\t\t\t\t\t\t\t\t\t\t\t\t<\/a>\n\t\t\t\t\t\t\t<a class=\"e-gallery-item elementor-gallery-item elementor-animated-content\" href=\"https:\/\/ionianseahotel.gr\/wp-content\/uploads\/2025\/10\/IMG_3540-1.jpg\" data-elementor-open-lightbox=\"yes\" data-elementor-lightbox-slideshow=\"8a2f91b\" data-e-action-hash=\"#elementor-action%3Aaction%3Dlightbox%26settings%3DeyJpZCI6MTYyOSwidXJsIjoiaHR0cHM6XC9cL2lvbmlhbnNlYWhvdGVsLmdyXC93cC1jb250ZW50XC91cGxvYWRzXC8yMDI1XC8xMFwvSU1HXzM1NDAtMS5qcGciLCJzbGlkZXNob3ciOiI4YTJmOTFiIn0%3D\">\n\t\t\t\t\t<div class=\"e-gallery-image elementor-gallery-item__image\" data-thumbnail=\"https:\/\/ionianseahotel.gr\/wp-content\/uploads\/2025\/10\/IMG_3540-1.jpg\" data-width=\"1920\" data-height=\"1280\" aria-label=\"\" role=\"img\" ><\/div>\n\t\t\t\t\t\t\t\t\t\t\t\t\t\t<\/a>\n\t\t\t\t\t\t\t<a class=\"e-gallery-item elementor-gallery-item elementor-animated-content\" href=\"https:\/\/ionianseahotel.gr\/wp-content\/uploads\/2025\/10\/IMG_3594.jpg\" data-elementor-open-lightbox=\"yes\" data-elementor-lightbox-slideshow=\"8a2f91b\" data-e-action-hash=\"#elementor-action%3Aaction%3Dlightbox%26settings%3DeyJpZCI6MTYzMiwidXJsIjoiaHR0cHM6XC9cL2lvbmlhbnNlYWhvdGVsLmdyXC93cC1jb250ZW50XC91cGxvYWRzXC8yMDI1XC8xMFwvSU1HXzM1OTQuanBnIiwic2xpZGVzaG93IjoiOGEyZjkxYiJ9\">\n\t\t\t\t\t<div class=\"e-gallery-image elementor-gallery-item__image\" data-thumbnail=\"https:\/\/ionianseahotel.gr\/wp-content\/uploads\/2025\/10\/IMG_3594.jpg\" data-width=\"1024\" data-height=\"683\" aria-label=\"\" role=\"img\" ><\/div>\n\t\t\t\t\t\t\t\t\t\t\t\t\t\t<\/a>\n\t\t\t\t\t\t\t<a class=\"e-gallery-item elementor-gallery-item elementor-animated-content\" href=\"https:\/\/ionianseahotel.gr\/wp-content\/uploads\/2025\/10\/37895802_2096949867200691_8602217657300680704_n.jpg\" data-elementor-open-lightbox=\"yes\" data-elementor-lightbox-slideshow=\"8a2f91b\" data-e-action-hash=\"#elementor-action%3Aaction%3Dlightbox%26settings%3DeyJpZCI6MTYzNCwidXJsIjoiaHR0cHM6XC9cL2lvbmlhbnNlYWhvdGVsLmdyXC93cC1jb250ZW50XC91cGxvYWRzXC8yMDI1XC8xMFwvMzc4OTU4MDJfMjA5Njk0OTg2NzIwMDY5MV84NjAyMjE3NjU3MzAwNjgwNzA0X24uanBnIiwic2xpZGVzaG93IjoiOGEyZjkxYiJ9\">\n\t\t\t\t\t<div class=\"e-gallery-image elementor-gallery-item__image\" data-thumbnail=\"https:\/\/ionianseahotel.gr\/wp-content\/uploads\/2025\/10\/37895802_2096949867200691_8602217657300680704_n.jpg\" data-width=\"747\" data-height=\"747\" aria-label=\"\" role=\"img\" ><\/div>\n\t\t\t\t\t\t\t\t\t\t\t\t\t\t<\/a>\n\t\t\t\t\t\t\t<a class=\"e-gallery-item elementor-gallery-item elementor-animated-content\" href=\"https:\/\/ionianseahotel.gr\/wp-content\/uploads\/2025\/10\/DSC_0093.jpg\" data-elementor-open-lightbox=\"yes\" data-elementor-lightbox-slideshow=\"8a2f91b\" data-e-action-hash=\"#elementor-action%3Aaction%3Dlightbox%26settings%3DeyJpZCI6MTYzNSwidXJsIjoiaHR0cHM6XC9cL2lvbmlhbnNlYWhvdGVsLmdyXC93cC1jb250ZW50XC91cGxvYWRzXC8yMDI1XC8xMFwvRFNDXzAwOTMuanBnIiwic2xpZGVzaG93IjoiOGEyZjkxYiJ9\">\n\t\t\t\t\t<div class=\"e-gallery-image elementor-gallery-item__image\" data-thumbnail=\"https:\/\/ionianseahotel.gr\/wp-content\/uploads\/2025\/10\/DSC_0093.jpg\" data-width=\"1024\" data-height=\"683\" aria-label=\"\" role=\"img\" ><\/div>\n\t\t\t\t\t\t\t\t\t\t\t\t\t\t<\/a>\n\t\t\t\t\t\t\t<a class=\"e-gallery-item elementor-gallery-item elementor-animated-content\" href=\"https:\/\/ionianseahotel.gr\/wp-content\/uploads\/2025\/10\/IMG_3537.jpg\" data-elementor-open-lightbox=\"yes\" data-elementor-lightbox-slideshow=\"8a2f91b\" data-e-action-hash=\"#elementor-action%3Aaction%3Dlightbox%26settings%3DeyJpZCI6MTYzNiwidXJsIjoiaHR0cHM6XC9cL2lvbmlhbnNlYWhvdGVsLmdyXC93cC1jb250ZW50XC91cGxvYWRzXC8yMDI1XC8xMFwvSU1HXzM1MzcuanBnIiwic2xpZGVzaG93IjoiOGEyZjkxYiJ9\">\n\t\t\t\t\t<div class=\"e-gallery-image elementor-gallery-item__image\" data-thumbnail=\"https:\/\/ionianseahotel.gr\/wp-content\/uploads\/2025\/10\/IMG_3537.jpg\" data-width=\"1024\" data-height=\"683\" aria-label=\"\" role=\"img\" ><\/div>\n\t\t\t\t\t\t\t\t\t\t\t\t\t\t<\/a>\n\t\t\t\t\t\t\t<a class=\"e-gallery-item elementor-gallery-item elementor-animated-content\" href=\"https:\/\/ionianseahotel.gr\/wp-content\/uploads\/2025\/12\/6309-scaled.webp\" data-elementor-open-lightbox=\"yes\" data-elementor-lightbox-slideshow=\"8a2f91b\" data-e-action-hash=\"#elementor-action%3Aaction%3Dlightbox%26settings%3DeyJpZCI6Mjg5NCwidXJsIjoiaHR0cHM6XC9cL2lvbmlhbnNlYWhvdGVsLmdyXC93cC1jb250ZW50XC91cGxvYWRzXC8yMDI1XC8xMlwvNjMwOS1zY2FsZWQud2VicCIsInNsaWRlc2hvdyI6IjhhMmY5MWIifQ%3D%3D\">\n\t\t\t\t\t<div class=\"e-gallery-image elementor-gallery-item__image\" data-thumbnail=\"https:\/\/ionianseahotel.gr\/wp-content\/uploads\/2025\/12\/6309-scaled.webp\" data-width=\"2560\" data-height=\"1153\" aria-label=\"\" role=\"img\" ><\/div>\n\t\t\t\t\t\t\t\t\t\t\t\t\t\t<\/a>\n\t\t\t\t\t\t\t<a class=\"e-gallery-item elementor-gallery-item elementor-animated-content\" href=\"https:\/\/ionianseahotel.gr\/wp-content\/uploads\/2025\/12\/4495-scaled.webp\" data-elementor-open-lightbox=\"yes\" data-elementor-lightbox-slideshow=\"8a2f91b\" data-e-action-hash=\"#elementor-action%3Aaction%3Dlightbox%26settings%3DeyJpZCI6Mjg5MSwidXJsIjoiaHR0cHM6XC9cL2lvbmlhbnNlYWhvdGVsLmdyXC93cC1jb250ZW50XC91cGxvYWRzXC8yMDI1XC8xMlwvNDQ5NS1zY2FsZWQud2VicCIsInNsaWRlc2hvdyI6IjhhMmY5MWIifQ%3D%3D\">\n\t\t\t\t\t<div class=\"e-gallery-image elementor-gallery-item__image\" data-thumbnail=\"https:\/\/ionianseahotel.gr\/wp-content\/uploads\/2025\/12\/4495-scaled.webp\" data-width=\"2560\" data-height=\"1153\" aria-label=\"\" role=\"img\" ><\/div>\n\t\t\t\t\t\t\t\t\t\t\t\t\t\t<\/a>\n\t\t\t\t\t<\/div>\n\t\t\t\t\t<\/div>\n\t\t\t\t<\/div>\n\t\t\t\t<\/div>\n\t\t\t\t<\/div>\n\t\t\t\t<\/div>\n\t\t","protected":false},"excerpt":{"rendered":"<p>V are\u00e1lu IONIAN SEA HOTEL najdete n\u00e1\u0161 Aquapark, kde se m\u016f\u017eete bavit na 5 velkolep\u00fdch tobog\u00e1nech (1 rodinn\u00fd, 2 otev\u0159en\u00e9, 2 uzav\u0159en\u00e9) od 10:00 do 18:00 za p\u0159ekvapivou cenu! V Aqua Baru si m\u016f\u017eete vychutnat koktejly, \u010derstv\u00e9 d\u017eusy, k\u00e1vu, zmrzlinu, r\u016fzn\u00e9 ob\u010derstven\u00ed a lehk\u00e1 j\u00eddla. Jen p\u00e1r metr\u016f odtud najdete 2 baz\u00e9ny pro dosp\u011bl\u00e9, jeden [&hellip;]<\/p>\n","protected":false},"author":1,"featured_media":0,"parent":0,"menu_order":0,"comment_status":"closed","ping_status":"closed","template":"","meta":{"_acf_changed":false,"footnotes":""},"class_list":["post-1637","page","type-page","status-publish","hentry"],"acf":[],"_links":{"self":[{"href":"https:\/\/ionianseahotel.gr\/cs\/wp-json\/wp\/v2\/pages\/1637","targetHints":{"allow":["GET"]}}],"collection":[{"href":"https:\/\/ionianseahotel.gr\/cs\/wp-json\/wp\/v2\/pages"}],"about":[{"href":"https:\/\/ionianseahotel.gr\/cs\/wp-json\/wp\/v2\/types\/page"}],"author":[{"embeddable":true,"href":"https:\/\/ionianseahotel.gr\/cs\/wp-json\/wp\/v2\/users\/1"}],"replies":[{"embeddable":true,"href":"https:\/\/ionianseahotel.gr\/cs\/wp-json\/wp\/v2\/comments?post=1637"}],"version-history":[{"count":3,"href":"https:\/\/ionianseahotel.gr\/cs\/wp-json\/wp\/v2\/pages\/1637\/revisions"}],"predecessor-version":[{"id":2929,"href":"https:\/\/ionianseahotel.gr\/cs\/wp-json\/wp\/v2\/pages\/1637\/revisions\/2929"}],"wp:attachment":[{"href":"https:\/\/ionianseahotel.gr\/cs\/wp-json\/wp\/v2\/media?parent=1637"}],"curies":[{"name":"wp","href":"https:\/\/api.w.org\/{rel}","templated":true}]}}