{"id":1725,"date":"2025-10-14T19:30:57","date_gmt":"2025-10-14T16:30:57","guid":{"rendered":"https:\/\/ionian.softwebpages.eu\/hotely\/"},"modified":"2025-12-22T21:27:09","modified_gmt":"2025-12-22T19:27:09","slug":"hotely","status":"publish","type":"page","link":"https:\/\/ionianseahotel.gr\/cs\/hotely\/","title":{"rendered":"Hotely"},"content":{"rendered":"\t\t<div data-elementor-type=\"wp-page\" data-elementor-id=\"1725\" class=\"elementor elementor-1725 elementor-38\" data-elementor-post-type=\"page\">\n\t\t\t\t<div class=\"elementor-element elementor-element-00069e2 e-flex e-con-boxed e-con e-parent\" data-id=\"00069e2\" data-element_type=\"container\" data-settings=\"{&quot;background_background&quot;:&quot;classic&quot;}\">\n\t\t\t\t\t<div class=\"e-con-inner\">\n\t\t<div class=\"elementor-element elementor-element-6242f6d e-con-full e-flex e-con e-child\" data-id=\"6242f6d\" data-element_type=\"container\">\n\t\t\t\t<\/div>\n\t\t<div class=\"elementor-element elementor-element-5d6ec70 e-con-full e-flex e-con e-child\" data-id=\"5d6ec70\" data-element_type=\"container\">\n\t\t\t\t<div class=\"elementor-element elementor-element-5910bfc animated-slow elementor-invisible elementor-widget elementor-widget-heading\" data-id=\"5910bfc\" data-element_type=\"widget\" data-settings=\"{&quot;_animation&quot;:&quot;zoomIn&quot;}\" data-widget_type=\"heading.default\">\n\t\t\t\t\t<h1 class=\"elementor-heading-title elementor-size-default\">Hotely<\/h1>\t\t\t\t<\/div>\n\t\t\t\t<div class=\"elementor-element elementor-element-52a2ff3 elementor-widget__width-initial animated-slow elementor-invisible elementor-widget elementor-widget-heading\" data-id=\"52a2ff3\" data-element_type=\"widget\" data-settings=\"{&quot;_animation&quot;:&quot;fadeInUp&quot;}\" data-widget_type=\"heading.default\">\n\t\t\t\t\t<h4 class=\"elementor-heading-title elementor-size-default\">Toto je ide\u00e1ln\u00ed m\u00edsto pro va\u0161i dovolenou na Kefalonii.<\/h4>\t\t\t\t<\/div>\n\t\t\t\t<\/div>\n\t\t<div class=\"elementor-element elementor-element-43449e0 e-con-full e-flex e-con e-child\" data-id=\"43449e0\" data-element_type=\"container\">\n\t\t\t\t<div class=\"elementor-element elementor-element-a7e6f04 animated-slow elementor-view-default elementor-invisible elementor-widget elementor-widget-icon\" data-id=\"a7e6f04\" data-element_type=\"widget\" data-settings=\"{&quot;_animation&quot;:&quot;fadeInDown&quot;}\" data-widget_type=\"icon.default\">\n\t\t\t\t\t\t\t<div class=\"elementor-icon-wrapper\">\n\t\t\t<a class=\"elementor-icon\" href=\"#hotels\">\n\t\t\t<svg xmlns=\"http:\/\/www.w3.org\/2000\/svg\" width=\"76\" height=\"103\" viewBox=\"0 0 76 103\"><g id=\"Group_261\" data-name=\"Group 261\" transform=\"translate(-922 -942)\"><path id=\"Path_1\" data-name=\"Path 1\" d=\"M39,41.242,51.371,28.871,39,16.5Z\" transform=\"translate(988.871 963.278) rotate(90)\" fill=\"#fff\"><\/path><line id=\"Line_22\" data-name=\"Line 22\" x1=\"68\" transform=\"translate(960 942) rotate(90)\" fill=\"none\" stroke=\"#fff\" stroke-width=\"2\"><\/line><circle id=\"Ellipse_1\" data-name=\"Ellipse 1\" cx=\"37\" cy=\"37\" r=\"37\" transform=\"translate(997 970) rotate(90)\" fill=\"none\" stroke=\"#fff\" stroke-width=\"2\"><\/circle><\/g><\/svg>\t\t\t<\/a>\n\t\t<\/div>\n\t\t\t\t\t\t<\/div>\n\t\t\t\t<\/div>\n\t\t\t\t\t<\/div>\n\t\t\t\t<\/div>\n\t\t<div class=\"elementor-element elementor-element-c3245e6 e-flex e-con-boxed e-con e-parent\" data-id=\"c3245e6\" data-element_type=\"container\">\n\t\t\t\t\t<div class=\"e-con-inner\">\n\t\t\t\t<div class=\"elementor-element elementor-element-3631053 elementor-widget elementor-widget-menu-anchor\" data-id=\"3631053\" data-element_type=\"widget\" data-widget_type=\"menu-anchor.default\">\n\t\t\t\t\t\t\t<div class=\"elementor-menu-anchor\" id=\"hotels\"><\/div>\n\t\t\t\t\t\t<\/div>\n\t\t\t\t\t<\/div>\n\t\t\t\t<\/div>\n\t\t<div class=\"elementor-element elementor-element-0a5b179 e-con-full e-flex e-con e-parent\" data-id=\"0a5b179\" data-element_type=\"container\">\n\t\t<div class=\"elementor-element elementor-element-5c5a369 e-con-full e-flex e-con e-child\" data-id=\"5c5a369\" data-element_type=\"container\">\n\t\t\t\t<div class=\"elementor-element elementor-element-47b52a2 elementor-widget elementor-widget-heading\" data-id=\"47b52a2\" data-element_type=\"widget\" data-widget_type=\"heading.default\">\n\t\t\t\t\t<h2 class=\"elementor-heading-title elementor-size-default\">Objevte na\u0161e hotely<\/h2>\t\t\t\t<\/div>\n\t\t\t\t<div class=\"elementor-element elementor-element-e1ea2bf elementor-widget__width-initial elementor-widget elementor-widget-text-editor\" data-id=\"e1ea2bf\" data-element_type=\"widget\" data-widget_type=\"text-editor.default\">\n\t\t\t\t\t\t\t\t\t<p>V\u00edtejte v rodinn\u00e9m hotelu Ionian Sea.<\/p>\n<p>Rodinn\u00fd hotel Ionian Sea se nach\u00e1z\u00ed v klidn\u00e9 a \u00a0zelen\u00e9 oblasti Kounopetra, 7 km od malebn\u00e9ho m\u011bsta Lixouri. Je postaven na pozemku o rozloze 40 akr\u016f.\u00a0 Okouzl\u00ed v\u00e1s tradi\u010dn\u00ed charakter \u00a0budov, n\u00e1dhern\u00fd v\u00fdhled na J\u00f3nsk\u00e9 mo\u0159e a n\u00e1dhern\u00e9 zahrady s bugenviliemi, mu\u0161k\u00e1ty, jasm\u00edny, citron\u00edky a gran\u00e1tovn\u00edky. Pouh\u00fdch 100 metr\u016f od hotelu, na \u010derven\u00e9 p\u00edse\u010dn\u00e9 pl\u00e1\u017ei, si budete moci odpo\u010dinout nebo se nechat un\u00e9st nekone\u010dn\u00fdmi proch\u00e1zkami v p\u0159\u00edrod\u011b\u00a0 v okol\u00ed. M\u016f\u017eete si vybrat z \u0161irok\u00e9 nab\u00eddky pokoj\u016f ten ide\u00e1ln\u00ed pro v\u00e1s. Klid a luxus Thalassa Superior, bezkonkuren\u010dn\u00ed v\u00fdhled na mo\u0159e v Ionian Resort nebo d\u011btsk\u00fd r\u00e1j v Ionian Sea. V are\u00e1lu Ionian Sea najdete aquapark s 5 kouzeln\u00fdmi tobog\u00e1ny, 2 baz\u00e9ny pro dosp\u011bl\u00e9 a 1 baz\u00e9n speci\u00e1ln\u011b pro d\u011bti, bufetovou restauraci s \u0161irok\u00fdm v\u00fdb\u011brem j\u00eddel a bio produkt\u016f z na\u0161ich pol\u00ed, 2 bary u baz\u00e9nu, sportovn\u00ed za\u0159\u00edzen\u00ed, venkovn\u00ed posilovnu, h\u0159i\u0161t\u011b, miniklub (4\u201312 let) a minimarket \u2013 obchod se suven\u00fdry pro va\u0161e n\u00e1kupy.<\/p>\n<p>D\u011bkujeme, \u017ee jste si n\u00e1s vybrali nebo zva\u017eujete pobyt u n\u00e1s. T\u011b\u0161\u00edme se na va\u0161i n\u00e1v\u0161t\u011bvu!<\/p>\n\t\t\t\t\t\t\t\t<\/div>\n\t\t\t\t<div class=\"elementor-element elementor-element-b96d1cb elementor-widget elementor-widget-heading\" data-id=\"b96d1cb\" data-element_type=\"widget\" data-widget_type=\"heading.default\">\n\t\t\t\t\t<h2 class=\"elementor-heading-title elementor-size-default\">Vybaven\u00ed hotelu<\/h2>\t\t\t\t<\/div>\n\t\t\t\t<div class=\"elementor-element elementor-element-7b5b061 elementor-widget__width-initial elementor-widget elementor-widget-text-editor\" data-id=\"7b5b061\" data-element_type=\"widget\" data-widget_type=\"text-editor.default\">\n\t\t\t\t\t\t\t\t\t<ul>\n<li>Restaurace<\/li>\n<li>3 bary u baz\u00e9nu<\/li>\n<li>1 zahradn\u00ed bar<\/li>\n<li>3 baz\u00e9ny<\/li>\n<li>Aquapark (2 otev\u0159en\u00e9 skluzavky, 1 rodinn\u00e1 skluzavka, 2 uzav\u0159en\u00e9 skluzavky)<\/li>\n<li>Parkovi\u0161t\u011b<\/li>\n<li>Zahrada<\/li>\n<li>Wi-Fi zdarma<\/li>\n<li>Recepce 24 hodin denn\u011b<\/li>\n<li>Lobby \u2013 TV<\/li>\n<li>Obchod se suven\u00fdry \u2013 minimarket<\/li>\n<li>Denn\u00ed tisk \/ \u010dasopisy<\/li>\n<li>Pr\u00e1delna \/ \u010dist\u00edrna<\/li>\n<li>Transfer z a na leti\u0161t\u011b<\/li>\n<li>Pokojov\u00e1 slu\u017eba 24 hodin denn\u011b<\/li>\n<li>Port\u00fdr \/ hotelov\u00fd posl\u00ed\u010dek<\/li>\n<li>PC \/ Tablet \/ Tisk\u00e1rna<\/li>\n<li>Animace \/ volno\u010dasov\u00e9 aktivity<\/li>\n<li>Kompaktn\u00ed SPA<\/li>\n<li>D\u011btsk\u00fd klub (Kids Club)<\/li>\n<li>Sportovn\u00ed za\u0159\u00edzen\u00ed<\/li>\n<\/ul>\n\t\t\t\t\t\t\t\t<\/div>\n\t\t\t\t<\/div>\n\t\t\t\t<\/div>\n\t\t<div class=\"elementor-element elementor-element-6171933 e-con-full e-flex e-con e-parent\" data-id=\"6171933\" data-element_type=\"container\">\n\t\t<div class=\"elementor-element elementor-element-964820d e-con-full hotel-section e-flex e-con e-child\" data-id=\"964820d\" data-element_type=\"container\" data-settings=\"{&quot;background_background&quot;:&quot;classic&quot;}\">\n\t\t<div class=\"elementor-element elementor-element-ba517a9 e-con-full animated-slow e-flex elementor-invisible e-con e-child\" data-id=\"ba517a9\" data-element_type=\"container\" data-settings=\"{&quot;background_background&quot;:&quot;classic&quot;,&quot;animation&quot;:&quot;fadeInLeft&quot;}\">\n\t\t\t\t<\/div>\n\t\t<div class=\"elementor-element elementor-element-8a92654 e-con-full hotel-anim animated-slow e-flex elementor-invisible e-con e-child\" data-id=\"8a92654\" data-element_type=\"container\" data-settings=\"{&quot;background_background&quot;:&quot;classic&quot;,&quot;position&quot;:&quot;absolute&quot;,&quot;animation&quot;:&quot;fadeInRight&quot;}\">\n\t\t\t\t<div class=\"elementor-element elementor-element-c426b5e elementor-widget-laptop__width-initial elementor-widget elementor-widget-image\" data-id=\"c426b5e\" data-element_type=\"widget\" data-widget_type=\"image.default\">\n\t\t\t\t\t\t\t\t\t\t\t\t\t\t\t\t<a href=\"https:\/\/ionianseahotel.gr\/hotels\/ionian-sea\/\">\n\t\t\t\t\t\t\t<img decoding=\"async\" width=\"381\" height=\"129\" src=\"https:\/\/ionianseahotel.gr\/wp-content\/uploads\/2025\/10\/LOGO-IONIAN-SEA-HOTEL-03-1.png\" class=\"attachment-large size-large wp-image-1613\" alt=\"\" srcset=\"https:\/\/ionianseahotel.gr\/wp-content\/uploads\/2025\/10\/LOGO-IONIAN-SEA-HOTEL-03-1.png 381w, https:\/\/ionianseahotel.gr\/wp-content\/uploads\/2025\/10\/LOGO-IONIAN-SEA-HOTEL-03-1-300x102.png 300w\" sizes=\"(max-width: 381px) 100vw, 381px\" \/>\t\t\t\t\t\t\t\t<\/a>\n\t\t\t\t\t\t\t\t\t\t\t\t\t\t\t<\/div>\n\t\t<div class=\"elementor-element elementor-element-a8fc49c e-con-full animated-slow e-flex elementor-invisible e-con e-child\" data-id=\"a8fc49c\" data-element_type=\"container\" data-settings=\"{&quot;background_background&quot;:&quot;classic&quot;,&quot;animation&quot;:&quot;fadeInRight&quot;}\">\n\t\t\t\t<div class=\"elementor-element elementor-element-be1e17a elementor-widget elementor-widget-text-editor\" data-id=\"be1e17a\" data-element_type=\"widget\" data-widget_type=\"text-editor.default\">\n\t\t\t\t\t\t\t\t\t<p>Hotel Ionian Sea v\u00e1s v\u00edt\u00e1 od roku 1983, je jedn\u00edm z prvn\u00edch hotel\u016f na Kefalonii s bohat\u00fdmi zku\u0161enostmi v pohostinstv\u00ed. Nach\u00e1z\u00ed se v\u00a0 zelen\u00e9 oblasti s n\u00e1dhern\u00fdmi zahradami, kter\u00e9 vysadila stejn\u00e1 rodina, kter\u00e1 jej postavila.<\/p>\n\t\t\t\t\t\t\t\t<\/div>\n\t\t\t\t<div class=\"elementor-element elementor-element-e380f9e elementor-align-right elementor-widget elementor-widget-button\" data-id=\"e380f9e\" data-element_type=\"widget\" data-widget_type=\"button.default\">\n\t\t\t\t\t\t\t\t\t\t<a class=\"elementor-button elementor-button-link elementor-size-sm\" href=\"https:\/\/ionianseahotel.gr\/cs\/hotely\/ionian-sea\/\">\n\t\t\t\t\t\t<span class=\"elementor-button-content-wrapper\">\n\t\t\t\t\t\t\t\t\t<span class=\"elementor-button-text\">ZOBRAZIT V\u00cdCE<\/span>\n\t\t\t\t\t<\/span>\n\t\t\t\t\t<\/a>\n\t\t\t\t\t\t\t\t<\/div>\n\t\t\t\t<\/div>\n\t\t\t\t<\/div>\n\t\t\t\t<\/div>\n\t\t<div class=\"elementor-element elementor-element-0bb840a e-con-full hotel-section e-flex e-con e-child\" data-id=\"0bb840a\" data-element_type=\"container\" data-settings=\"{&quot;background_background&quot;:&quot;classic&quot;}\">\n\t\t<div class=\"elementor-element elementor-element-2a187f8 e-con-full hotel-anim animated-slow e-flex elementor-invisible e-con e-child\" data-id=\"2a187f8\" data-element_type=\"container\" data-settings=\"{&quot;background_background&quot;:&quot;classic&quot;,&quot;position&quot;:&quot;absolute&quot;,&quot;animation&quot;:&quot;fadeInLeft&quot;}\">\n\t\t\t\t<div class=\"elementor-element elementor-element-177aae6 elementor-widget-laptop__width-initial elementor-widget elementor-widget-image\" data-id=\"177aae6\" data-element_type=\"widget\" data-widget_type=\"image.default\">\n\t\t\t\t\t\t\t\t\t\t\t\t\t\t\t\t<a href=\"https:\/\/ionianseahotel.gr\/hotels\/ionian-resort\/\">\n\t\t\t\t\t\t\t<img fetchpriority=\"high\" decoding=\"async\" width=\"339\" height=\"175\" src=\"https:\/\/ionianseahotel.gr\/wp-content\/uploads\/2025\/10\/ionian_resort_logo.png\" class=\"attachment-large size-large wp-image-1614\" alt=\"\" srcset=\"https:\/\/ionianseahotel.gr\/wp-content\/uploads\/2025\/10\/ionian_resort_logo.png 339w, https:\/\/ionianseahotel.gr\/wp-content\/uploads\/2025\/10\/ionian_resort_logo-300x155.png 300w\" sizes=\"(max-width: 339px) 100vw, 339px\" \/>\t\t\t\t\t\t\t\t<\/a>\n\t\t\t\t\t\t\t\t\t\t\t\t\t\t\t<\/div>\n\t\t<div class=\"elementor-element elementor-element-7d07fe8 e-con-full animated-slow e-flex elementor-invisible e-con e-child\" data-id=\"7d07fe8\" data-element_type=\"container\" data-settings=\"{&quot;background_background&quot;:&quot;classic&quot;,&quot;animation&quot;:&quot;fadeInLeft&quot;}\">\n\t\t\t\t<div class=\"elementor-element elementor-element-d4ef197 elementor-widget elementor-widget-text-editor\" data-id=\"d4ef197\" data-element_type=\"widget\" data-widget_type=\"text-editor.default\">\n\t\t\t\t\t\t\t\t\t<p>V\u00edt\u00e1me v\u00e1s v zbrusu nov\u00e9m hotelu Ionian Resort s v\u00fdhledem na mo\u0159e, elegantn\u00edm resortu, kter\u00fd se nach\u00e1z\u00ed p\u0159\u00edmo u mo\u0159es \u010dervenou p\u00edse\u010dnou pl\u00e1\u017e\u00ed, 7 km od malebn\u00e9ho m\u011bste\u010dka Lixouri.<\/p>\n\t\t\t\t\t\t\t\t<\/div>\n\t\t\t\t<div class=\"elementor-element elementor-element-87f3125 elementor-align-right elementor-widget elementor-widget-button\" data-id=\"87f3125\" data-element_type=\"widget\" data-widget_type=\"button.default\">\n\t\t\t\t\t\t\t\t\t\t<a class=\"elementor-button elementor-button-link elementor-size-sm\" href=\"https:\/\/ionianseahotel.gr\/cs\/hotely\/ionian-resort\/\">\n\t\t\t\t\t\t<span class=\"elementor-button-content-wrapper\">\n\t\t\t\t\t\t\t\t\t<span class=\"elementor-button-text\">ZOBRAZIT V\u00cdCE<\/span>\n\t\t\t\t\t<\/span>\n\t\t\t\t\t<\/a>\n\t\t\t\t\t\t\t\t<\/div>\n\t\t\t\t<\/div>\n\t\t\t\t<\/div>\n\t\t<div class=\"elementor-element elementor-element-06eefea e-con-full animated-slow e-flex elementor-invisible e-con e-child\" data-id=\"06eefea\" data-element_type=\"container\" data-settings=\"{&quot;background_background&quot;:&quot;classic&quot;,&quot;animation&quot;:&quot;fadeInRight&quot;}\">\n\t\t\t\t<\/div>\n\t\t\t\t<\/div>\n\t\t<div class=\"elementor-element elementor-element-e2c350c e-con-full hotel-section e-flex e-con e-child\" data-id=\"e2c350c\" data-element_type=\"container\" data-settings=\"{&quot;background_background&quot;:&quot;classic&quot;}\">\n\t\t<div class=\"elementor-element elementor-element-c48f464 e-con-full animated-slow e-flex elementor-invisible e-con e-child\" data-id=\"c48f464\" data-element_type=\"container\" data-settings=\"{&quot;background_background&quot;:&quot;classic&quot;,&quot;animation&quot;:&quot;fadeInLeft&quot;}\">\n\t\t\t\t<\/div>\n\t\t<div class=\"elementor-element elementor-element-efaeaf9 e-con-full hotel-anim animated-slow e-flex elementor-invisible e-con e-child\" data-id=\"efaeaf9\" data-element_type=\"container\" data-settings=\"{&quot;background_background&quot;:&quot;classic&quot;,&quot;position&quot;:&quot;absolute&quot;,&quot;animation&quot;:&quot;fadeInRight&quot;}\">\n\t\t\t\t<div class=\"elementor-element elementor-element-dcc607e elementor-widget-laptop__width-initial elementor-widget elementor-widget-image\" data-id=\"dcc607e\" data-element_type=\"widget\" data-widget_type=\"image.default\">\n\t\t\t\t\t\t\t\t\t\t\t\t\t\t\t\t<a href=\"https:\/\/ionianseahotel.gr\/hotels\/thalassa-superior\/\">\n\t\t\t\t\t\t\t<img decoding=\"async\" width=\"338\" height=\"164\" src=\"https:\/\/ionianseahotel.gr\/wp-content\/uploads\/2025\/10\/ThalassaSuperior.png\" class=\"attachment-large size-large wp-image-1617\" alt=\"\" srcset=\"https:\/\/ionianseahotel.gr\/wp-content\/uploads\/2025\/10\/ThalassaSuperior.png 338w, https:\/\/ionianseahotel.gr\/wp-content\/uploads\/2025\/10\/ThalassaSuperior-300x146.png 300w\" sizes=\"(max-width: 338px) 100vw, 338px\" \/>\t\t\t\t\t\t\t\t<\/a>\n\t\t\t\t\t\t\t\t\t\t\t\t\t\t\t<\/div>\n\t\t<div class=\"elementor-element elementor-element-947d5f4 e-con-full animated-slow e-flex elementor-invisible e-con e-child\" data-id=\"947d5f4\" data-element_type=\"container\" data-settings=\"{&quot;background_background&quot;:&quot;classic&quot;,&quot;animation&quot;:&quot;fadeInRight&quot;}\">\n\t\t\t\t<div class=\"elementor-element elementor-element-6bd0744 elementor-widget elementor-widget-text-editor\" data-id=\"6bd0744\" data-element_type=\"widget\" data-widget_type=\"text-editor.default\">\n\t\t\t\t\t\t\t\t\t<p>S radost\u00ed v\u00e1s v\u00edt\u00e1me v nov\u011b postaven\u00e9m hotelu Thalassa Superior, kter\u00fd se nach\u00e1z\u00ed v kr\u00e1sn\u00e9 zelen\u00e9 o\u00e1ze v regionu Kounopetra, 7 km od malebn\u00e9ho m\u011bste\u010dka Lixouri.<\/p>\n\t\t\t\t\t\t\t\t<\/div>\n\t\t\t\t<div class=\"elementor-element elementor-element-5a8a0d4 elementor-align-right elementor-widget elementor-widget-button\" data-id=\"5a8a0d4\" data-element_type=\"widget\" data-widget_type=\"button.default\">\n\t\t\t\t\t\t\t\t\t\t<a class=\"elementor-button elementor-button-link elementor-size-sm\" href=\"https:\/\/ionianseahotel.gr\/cs\/hotely\/thalassa-superior\/\">\n\t\t\t\t\t\t<span class=\"elementor-button-content-wrapper\">\n\t\t\t\t\t\t\t\t\t<span class=\"elementor-button-text\">ZOBRAZIT V\u00cdCE<\/span>\n\t\t\t\t\t<\/span>\n\t\t\t\t\t<\/a>\n\t\t\t\t\t\t\t\t<\/div>\n\t\t\t\t<\/div>\n\t\t\t\t<\/div>\n\t\t\t\t<\/div>\n\t\t\t\t<\/div>\n\t\t\t\t<\/div>\n\t\t","protected":false},"excerpt":{"rendered":"<p>Toto je ide\u00e1ln\u00ed m\u00edsto pro va\u0161i dovolenou na Kefalonii. Objevte na\u0161e hotely V\u00edtejte v rodinn\u00e9m hotelu Ionian Sea. Rodinn\u00fd hotel Ionian Sea se nach\u00e1z\u00ed v klidn\u00e9 a \u00a0zelen\u00e9 oblasti Kounopetra, 7 km od malebn\u00e9ho m\u011bsta Lixouri. Je postaven na pozemku o rozloze 40 akr\u016f.\u00a0 Okouzl\u00ed v\u00e1s tradi\u010dn\u00ed charakter \u00a0budov, n\u00e1dhern\u00fd v\u00fdhled na J\u00f3nsk\u00e9 mo\u0159e a [&hellip;]<\/p>\n","protected":false},"author":1,"featured_media":0,"parent":0,"menu_order":0,"comment_status":"closed","ping_status":"closed","template":"","meta":{"_acf_changed":false,"footnotes":""},"class_list":["post-1725","page","type-page","status-publish","hentry"],"acf":[],"_links":{"self":[{"href":"https:\/\/ionianseahotel.gr\/cs\/wp-json\/wp\/v2\/pages\/1725","targetHints":{"allow":["GET"]}}],"collection":[{"href":"https:\/\/ionianseahotel.gr\/cs\/wp-json\/wp\/v2\/pages"}],"about":[{"href":"https:\/\/ionianseahotel.gr\/cs\/wp-json\/wp\/v2\/types\/page"}],"author":[{"embeddable":true,"href":"https:\/\/ionianseahotel.gr\/cs\/wp-json\/wp\/v2\/users\/1"}],"replies":[{"embeddable":true,"href":"https:\/\/ionianseahotel.gr\/cs\/wp-json\/wp\/v2\/comments?post=1725"}],"version-history":[{"count":2,"href":"https:\/\/ionianseahotel.gr\/cs\/wp-json\/wp\/v2\/pages\/1725\/revisions"}],"predecessor-version":[{"id":2797,"href":"https:\/\/ionianseahotel.gr\/cs\/wp-json\/wp\/v2\/pages\/1725\/revisions\/2797"}],"wp:attachment":[{"href":"https:\/\/ionianseahotel.gr\/cs\/wp-json\/wp\/v2\/media?parent=1725"}],"curies":[{"name":"wp","href":"https:\/\/api.w.org\/{rel}","templated":true}]}}