{"id":1739,"date":"2025-10-25T13:32:24","date_gmt":"2025-10-25T10:32:24","guid":{"rendered":"https:\/\/ionian.softwebpages.eu\/hotely\/thalassa-superior\/"},"modified":"2025-12-07T20:47:13","modified_gmt":"2025-12-07T18:47:13","slug":"thalassa-superior","status":"publish","type":"page","link":"https:\/\/ionianseahotel.gr\/cs\/hotely\/thalassa-superior\/","title":{"rendered":"Thalassa Superior"},"content":{"rendered":"\t\t<div data-elementor-type=\"wp-page\" data-elementor-id=\"1739\" class=\"elementor elementor-1739 elementor-555\" data-elementor-post-type=\"page\">\n\t\t\t\t<div class=\"elementor-element elementor-element-6367872 e-flex e-con-boxed e-con e-parent\" data-id=\"6367872\" data-element_type=\"container\" data-settings=\"{&quot;background_background&quot;:&quot;classic&quot;}\">\n\t\t\t\t\t<div class=\"e-con-inner\">\n\t\t<div class=\"elementor-element elementor-element-5c3e2ae e-con-full e-flex e-con e-child\" data-id=\"5c3e2ae\" data-element_type=\"container\">\n\t\t\t\t<div class=\"elementor-element elementor-element-3517a49 elementor-widget elementor-widget-spacer\" data-id=\"3517a49\" data-element_type=\"widget\" data-widget_type=\"spacer.default\">\n\t\t\t\t\t\t\t<div class=\"elementor-spacer\">\n\t\t\t<div class=\"elementor-spacer-inner\"><\/div>\n\t\t<\/div>\n\t\t\t\t\t\t<\/div>\n\t\t\t\t<\/div>\n\t\t<div class=\"elementor-element elementor-element-69beb4a e-con-full e-flex e-con e-child\" data-id=\"69beb4a\" data-element_type=\"container\">\n\t\t\t\t<div class=\"elementor-element elementor-element-0b0f587 animated-slow elementor-invisible elementor-widget elementor-widget-heading\" data-id=\"0b0f587\" data-element_type=\"widget\" data-settings=\"{&quot;_animation&quot;:&quot;zoomIn&quot;}\" data-widget_type=\"heading.default\">\n\t\t\t\t\t<h1 class=\"elementor-heading-title elementor-size-default\">Thalassa Superior<\/h1>\t\t\t\t<\/div>\n\t\t\t\t<\/div>\n\t\t<div class=\"elementor-element elementor-element-640d4e0 e-con-full e-flex e-con e-child\" data-id=\"640d4e0\" data-element_type=\"container\">\n\t\t\t\t<div class=\"elementor-element elementor-element-c565fd5 animated-slow elementor-view-default elementor-invisible elementor-widget elementor-widget-icon\" data-id=\"c565fd5\" data-element_type=\"widget\" data-settings=\"{&quot;_animation&quot;:&quot;fadeInDown&quot;}\" data-widget_type=\"icon.default\">\n\t\t\t\t\t\t\t<div class=\"elementor-icon-wrapper\">\n\t\t\t<a class=\"elementor-icon\" href=\"#ioniansea\">\n\t\t\t<svg xmlns=\"http:\/\/www.w3.org\/2000\/svg\" width=\"76\" height=\"103\" viewBox=\"0 0 76 103\"><g id=\"Group_261\" data-name=\"Group 261\" transform=\"translate(-922 -942)\"><path id=\"Path_1\" data-name=\"Path 1\" d=\"M39,41.242,51.371,28.871,39,16.5Z\" transform=\"translate(988.871 963.278) rotate(90)\" fill=\"#fff\"><\/path><line id=\"Line_22\" data-name=\"Line 22\" x1=\"68\" transform=\"translate(960 942) rotate(90)\" fill=\"none\" stroke=\"#fff\" stroke-width=\"2\"><\/line><circle id=\"Ellipse_1\" data-name=\"Ellipse 1\" cx=\"37\" cy=\"37\" r=\"37\" transform=\"translate(997 970) rotate(90)\" fill=\"none\" stroke=\"#fff\" stroke-width=\"2\"><\/circle><\/g><\/svg>\t\t\t<\/a>\n\t\t<\/div>\n\t\t\t\t\t\t<\/div>\n\t\t\t\t<\/div>\n\t\t\t\t\t<\/div>\n\t\t\t\t<\/div>\n\t\t<div class=\"elementor-element elementor-element-7767278 e-flex e-con-boxed e-con e-parent\" data-id=\"7767278\" data-element_type=\"container\">\n\t\t\t\t\t<div class=\"e-con-inner\">\n\t\t\t\t<div class=\"elementor-element elementor-element-7357ee3 elementor-widget elementor-widget-menu-anchor\" data-id=\"7357ee3\" data-element_type=\"widget\" data-widget_type=\"menu-anchor.default\">\n\t\t\t\t\t\t\t<div class=\"elementor-menu-anchor\" id=\"ioniansea\"><\/div>\n\t\t\t\t\t\t<\/div>\n\t\t\t\t\t<\/div>\n\t\t\t\t<\/div>\n\t\t<div class=\"elementor-element elementor-element-2c1bc23 e-con-full e-flex e-con e-parent\" data-id=\"2c1bc23\" data-element_type=\"container\">\n\t\t<div class=\"elementor-element elementor-element-c5add04 e-con-full e-flex e-con e-child\" data-id=\"c5add04\" data-element_type=\"container\">\n\t\t\t\t<div class=\"elementor-element elementor-element-edad520 elementor-widget elementor-widget-heading\" data-id=\"edad520\" data-element_type=\"widget\" data-widget_type=\"heading.default\">\n\t\t\t\t\t<h2 class=\"elementor-heading-title elementor-size-default\">Thalassa Superior<\/h2>\t\t\t\t<\/div>\n\t\t\t\t<div class=\"elementor-element elementor-element-358bb83 elementor-widget__width-initial elementor-widget elementor-widget-text-editor\" data-id=\"358bb83\" data-element_type=\"widget\" data-widget_type=\"text-editor.default\">\n\t\t\t\t\t\t\t\t\t<p>S radost\u00ed v\u00e1s v\u00edt\u00e1me v nov\u011b postaven\u00e9m hotelu Thalassa Superior, kter\u00fd se nach\u00e1z\u00ed v kr\u00e1sn\u00e9 zelen\u00e9 o\u00e1ze v regionu Kounopetra, 7 km od malebn\u00e9ho m\u011bste\u010dka Lixouri.<\/p>\n<p>Elegantn\u00ed a sofistikovan\u00fd hotel, za\u0159\u00edzen\u00fd v mo\u0159sk\u00fdch odst\u00ednech modr\u00e9, v\u00e1m slibuje klid a \u00faplnou relaxaci. Jeho pohodln\u00e9 a dob\u0159e vybaven\u00e9 pokoje mohou ubytovat 2 a\u017e 4 osoby. N\u00e1dhern\u00fd v\u00fdhled na mo\u0159e nebo do zahrady jim dod\u00e1v\u00e1 vzhled renesan\u010dn\u00edho obrazu! Oml\u00e1dn\u011bte s pohostinnost\u00ed Thalassa Superior.<\/p>\n\t\t\t\t\t\t\t\t<\/div>\n\t\t\t\t<div class=\"elementor-element elementor-element-8094e0b elementor-widget elementor-widget-heading\" data-id=\"8094e0b\" data-element_type=\"widget\" data-widget_type=\"heading.default\">\n\t\t\t\t\t<h2 class=\"elementor-heading-title elementor-size-default\">Ubytov\u00e1n\u00ed<\/h2>\t\t\t\t<\/div>\n\t\t\t\t<div class=\"elementor-element elementor-element-79499f9 elementor-widget__width-initial elementor-widget elementor-widget-text-editor\" data-id=\"79499f9\" data-element_type=\"widget\" data-widget_type=\"text-editor.default\">\n\t\t\t\t\t\t\t\t\t<p>Pohodln\u00e9 a dob\u0159e vybaven\u00e9 pokoje hotelu Thalassa Superior mohou ubytovat 2 a\u017e 4 osoby. Elegantn\u00ed a sofistikovan\u00e9 pokoje, za\u0159\u00edzen\u00e9 v mo\u0159sk\u00fdch odst\u00ednech modr\u00e9, v\u00e1m slibuj\u00ed klid a \u00faplnou relaxaci.<\/p>\n\t\t\t\t\t\t\t\t<\/div>\n\t\t\t\t<\/div>\n\t\t\t\t<\/div>\n\t\t<div class=\"elementor-element elementor-element-43c2a8d e-con-full e-flex e-con e-parent\" data-id=\"43c2a8d\" data-element_type=\"container\">\n\t\t\t\t<div class=\"elementor-element elementor-element-1f28897 elementor-grid-2 elementor-grid-tablet-2 elementor-grid-mobile-1 elementor-widget elementor-widget-loop-grid\" data-id=\"1f28897\" data-element_type=\"widget\" data-settings=\"{&quot;template_id&quot;:1886,&quot;columns&quot;:2,&quot;row_gap&quot;:{&quot;unit&quot;:&quot;px&quot;,&quot;size&quot;:0,&quot;sizes&quot;:[]},&quot;alternate_template&quot;:&quot;yes&quot;,&quot;_skin&quot;:&quot;post&quot;,&quot;columns_tablet&quot;:&quot;2&quot;,&quot;columns_mobile&quot;:&quot;1&quot;,&quot;edit_handle_selector&quot;:&quot;[data-elementor-type=\\&quot;loop-item\\&quot;]&quot;,&quot;row_gap_widescreen&quot;:{&quot;unit&quot;:&quot;px&quot;,&quot;size&quot;:&quot;&quot;,&quot;sizes&quot;:[]},&quot;row_gap_laptop&quot;:{&quot;unit&quot;:&quot;px&quot;,&quot;size&quot;:&quot;&quot;,&quot;sizes&quot;:[]},&quot;row_gap_tablet_extra&quot;:{&quot;unit&quot;:&quot;px&quot;,&quot;size&quot;:&quot;&quot;,&quot;sizes&quot;:[]},&quot;row_gap_tablet&quot;:{&quot;unit&quot;:&quot;px&quot;,&quot;size&quot;:&quot;&quot;,&quot;sizes&quot;:[]},&quot;row_gap_mobile_extra&quot;:{&quot;unit&quot;:&quot;px&quot;,&quot;size&quot;:&quot;&quot;,&quot;sizes&quot;:[]},&quot;row_gap_mobile&quot;:{&quot;unit&quot;:&quot;px&quot;,&quot;size&quot;:&quot;&quot;,&quot;sizes&quot;:[]}}\" data-widget_type=\"loop-grid.post\">\n\t\t\t\t<div class=\"elementor-widget-container\">\n\t\t\t\t\t\t\t<div class=\"elementor-loop-container elementor-grid\" role=\"list\">\n\t\t<style id=\"loop-dynamic-1886\">.e-loop-item-1841 .elementor-element.elementor-element-377106c:not(.elementor-motion-effects-element-type-background), .e-loop-item-1841 .elementor-element.elementor-element-377106c > .elementor-motion-effects-container > .elementor-motion-effects-layer{background-image:url(\"https:\/\/ionianseahotel.gr\/wp-content\/uploads\/2025\/10\/MG_1706-HDR2_cropped2-scaled.webp\");}<\/style><style id=\"loop-1886\">.elementor-1886 .elementor-element.elementor-element-377106c{--display:flex;--flex-direction:column;--container-widget-width:100%;--container-widget-height:initial;--container-widget-flex-grow:0;--container-widget-align-self:initial;--flex-wrap-mobile:wrap;--overlay-opacity:0.4;--padding-top:38px;--padding-bottom:38px;--padding-left:0px;--padding-right:38px;}.elementor-1886 .elementor-element.elementor-element-377106c::before, .elementor-1886 .elementor-element.elementor-element-377106c > .elementor-background-video-container::before, .elementor-1886 .elementor-element.elementor-element-377106c > .e-con-inner > .elementor-background-video-container::before, .elementor-1886 .elementor-element.elementor-element-377106c > .elementor-background-slideshow::before, .elementor-1886 .elementor-element.elementor-element-377106c > .e-con-inner > .elementor-background-slideshow::before, .elementor-1886 .elementor-element.elementor-element-377106c > .elementor-motion-effects-container > .elementor-motion-effects-layer::before{background-color:var( --e-global-color-primary );--background-overlay:'';}.elementor-1886 .elementor-element.elementor-element-377106c:not(.elementor-motion-effects-element-type-background), .elementor-1886 .elementor-element.elementor-element-377106c > .elementor-motion-effects-container > .elementor-motion-effects-layer{background-position:center center;background-size:cover;}.elementor-1886 .elementor-element.elementor-element-229b638{--display:flex;--min-height:88vh;--justify-content:flex-end;--align-items:flex-end;--container-widget-width:calc( ( 1 - var( --container-widget-flex-grow ) ) * 100% );--gap:30px 30px;--row-gap:30px;--column-gap:30px;border-style:solid;--border-style:solid;border-width:2px 2px 2px 0px;--border-top-width:2px;--border-right-width:2px;--border-bottom-width:2px;--border-left-width:0px;border-color:var( --e-global-color-c76b378 );--border-color:var( --e-global-color-c76b378 );--padding-top:38px;--padding-bottom:38px;--padding-left:38px;--padding-right:38px;}.elementor-widget-heading .elementor-heading-title{font-family:var( --e-global-typography-primary-font-family ), Sans-serif;font-weight:var( --e-global-typography-primary-font-weight );color:var( --e-global-color-primary );}.elementor-1886 .elementor-element.elementor-element-1e6bf1d{text-align:end;}.elementor-1886 .elementor-element.elementor-element-1e6bf1d .elementor-heading-title{font-family:\"Manrope\", Sans-serif;font-weight:200;text-transform:uppercase;color:var( --e-global-color-c76b378 );}.elementor-widget-button .elementor-button{background-color:var( --e-global-color-accent );font-family:var( --e-global-typography-accent-font-family ), Sans-serif;font-weight:var( --e-global-typography-accent-font-weight );}.elementor-1886 .elementor-element.elementor-element-a7a56cc .elementor-button{background-color:var( --e-global-color-2f2de41 );font-family:\"Manrope\", Sans-serif;font-size:28px;font-weight:400;fill:var( --e-global-color-c76b378 );color:var( --e-global-color-c76b378 );border-style:solid;border-width:2px 2px 2px 2px;border-radius:0px 0px 0px 0px;padding:0px 0px 0px 0px;}.elementor-1886 .elementor-element.elementor-element-a7a56cc .elementor-button:hover, .elementor-1886 .elementor-element.elementor-element-a7a56cc .elementor-button:focus{background-color:var( --e-global-color-accent );color:var( --e-global-color-c76b378 );border-color:var( --e-global-color-secondary );}.elementor-1886 .elementor-element.elementor-element-a7a56cc .elementor-button:hover svg, .elementor-1886 .elementor-element.elementor-element-a7a56cc .elementor-button:focus svg{fill:var( --e-global-color-c76b378 );}@media(max-width:1500px){.elementor-1886 .elementor-element.elementor-element-377106c{--padding-top:30px;--padding-bottom:30px;--padding-left:0px;--padding-right:30px;}.elementor-1886 .elementor-element.elementor-element-229b638{--min-height:78vh;--padding-top:30px;--padding-bottom:30px;--padding-left:30px;--padding-right:30px;}.elementor-1886 .elementor-element.elementor-element-a7a56cc .elementor-button{font-size:25px;}}@media(max-width:1200px){.elementor-1886 .elementor-element.elementor-element-377106c{--padding-top:25px;--padding-bottom:25px;--padding-left:0px;--padding-right:25px;}.elementor-1886 .elementor-element.elementor-element-229b638{--min-height:65vh;--padding-top:25px;--padding-bottom:25px;--padding-left:25px;--padding-right:25px;}.elementor-1886 .elementor-element.elementor-element-a7a56cc .elementor-button{font-size:20px;}}@media(max-width:1024px){.elementor-1886 .elementor-element.elementor-element-377106c{--padding-top:20px;--padding-bottom:20px;--padding-left:0px;--padding-right:20px;}.elementor-1886 .elementor-element.elementor-element-229b638{--min-height:60vh;--padding-top:20px;--padding-bottom:20px;--padding-left:20px;--padding-right:20px;}.elementor-1886 .elementor-element.elementor-element-a7a56cc .elementor-button{font-size:18px;}}@media(max-width:880px){.elementor-1886 .elementor-element.elementor-element-a7a56cc .elementor-button{font-size:18px;}}@media(max-width:600px){.elementor-1886 .elementor-element.elementor-element-377106c{--padding-top:14px;--padding-bottom:14px;--padding-left:0px;--padding-right:14px;}.elementor-1886 .elementor-element.elementor-element-229b638{--min-height:50vh;--padding-top:14px;--padding-bottom:14px;--padding-left:14px;--padding-right:14px;}.elementor-1886 .elementor-element.elementor-element-a7a56cc .elementor-button{font-size:16px;}}\/* Start custom CSS for button, class: .elementor-element-a7a56cc *\/.room-btn a.elementor-button {\r\n    width: 320px;\r\n    height: 75px;\r\n    display: flex;\r\n    justify-content: center;\r\n    align-items: center;\r\n}\r\n@media (max-width:1500px) {\r\n    .room-btn a.elementor-button {\r\n    width: 280px;\r\n    height: 74px;\r\n}\r\n}\r\n@media (max-width:1200px) {\r\n    .room-btn a.elementor-button {\r\n    width: 260px;\r\n    height: 72px;\r\n}\r\n}\r\n@media (max-width:1024px) {\r\n    .room-btn a.elementor-button {\r\n    width: 230px;\r\n    height: 64px;\r\n}\r\n}\r\n@media (max-width:880px) {\r\n    .room-btn a.elementor-button {\r\n    width: 200px;\r\n    height: 60px;\r\n}\r\n}\r\n@media (max-width:600px) {\r\n    .room-btn a.elementor-button {\r\n    width: 180px;\r\n    height: 54px;\r\n}\r\n}\/* End custom CSS *\/\n\/* Start custom CSS for container, class: .elementor-element-377106c *\/.hotelbg {\n    background-size: cover!important;\n}\/* End custom CSS *\/<\/style>\t\t<div data-elementor-type=\"loop-item\" data-elementor-id=\"1886\" class=\"elementor elementor-1886 elementor-470 e-loop-item e-loop-item-1841 post-1841 thalassa-superior type-thalassa-superior status-publish has-post-thumbnail hentry\" data-elementor-post-type=\"elementor_library\" data-custom-edit-handle=\"1\">\n\t\t\t<div class=\"elementor-element elementor-element-377106c e-con-full hotelbg e-flex elementor-invisible e-con e-parent\" data-id=\"377106c\" data-element_type=\"container\" data-settings=\"{&quot;background_background&quot;:&quot;classic&quot;,&quot;animation&quot;:&quot;fadeInLeft&quot;}\">\n\t\t<div class=\"elementor-element elementor-element-229b638 e-flex e-con-boxed e-con e-child\" data-id=\"229b638\" data-element_type=\"container\">\n\t\t\t\t\t<div class=\"e-con-inner\">\n\t\t\t\t<div class=\"elementor-element elementor-element-1e6bf1d elementor-widget elementor-widget-heading\" data-id=\"1e6bf1d\" data-element_type=\"widget\" data-widget_type=\"heading.default\">\n\t\t\t\t\t<h2 class=\"elementor-heading-title elementor-size-default\"><a href=\"https:\/\/ionianseahotel.gr\/cs\/thalassa-superior\/ctyrluzkovy-rodinny-pokoj\/\">Rodinn\u00fd pokoj<\/a><\/h2>\t\t\t\t<\/div>\n\t\t\t\t<div class=\"elementor-element elementor-element-a7a56cc room-btn elementor-widget elementor-widget-button\" data-id=\"a7a56cc\" data-element_type=\"widget\" data-widget_type=\"button.default\">\n\t\t\t\t\t\t\t\t\t\t<a class=\"elementor-button elementor-button-link elementor-size-sm\" href=\"https:\/\/ionianseahotel.gr\/cs\/thalassa-superior\/ctyrluzkovy-rodinny-pokoj\/\">\n\t\t\t\t\t\t<span class=\"elementor-button-content-wrapper\">\n\t\t\t\t\t\t\t\t\t<span class=\"elementor-button-text\">ZOBRAZIT V\u00cdCE<\/span>\n\t\t\t\t\t<\/span>\n\t\t\t\t\t<\/a>\n\t\t\t\t\t\t\t\t<\/div>\n\t\t\t\t\t<\/div>\n\t\t\t\t<\/div>\n\t\t\t\t<\/div>\n\t\t\t\t<\/div>\n\t\t<style id=\"loop-dynamic-1884\">.e-loop-item-1836 .elementor-element.elementor-element-4bf72a42:not(.elementor-motion-effects-element-type-background), .e-loop-item-1836 .elementor-element.elementor-element-4bf72a42 > .elementor-motion-effects-container > .elementor-motion-effects-layer{background-image:url(\"https:\/\/ionianseahotel.gr\/wp-content\/uploads\/2025\/10\/166430406_1316009165230721_3693408739093643264_n_1.jpg\");}<\/style><style id=\"loop-1884\">.elementor-1884 .elementor-element.elementor-element-4bf72a42{--display:flex;--flex-direction:column;--container-widget-width:100%;--container-widget-height:initial;--container-widget-flex-grow:0;--container-widget-align-self:initial;--flex-wrap-mobile:wrap;--overlay-opacity:0.4;--padding-top:38px;--padding-bottom:38px;--padding-left:38px;--padding-right:0px;}.elementor-1884 .elementor-element.elementor-element-4bf72a42::before, .elementor-1884 .elementor-element.elementor-element-4bf72a42 > .elementor-background-video-container::before, .elementor-1884 .elementor-element.elementor-element-4bf72a42 > .e-con-inner > .elementor-background-video-container::before, .elementor-1884 .elementor-element.elementor-element-4bf72a42 > .elementor-background-slideshow::before, .elementor-1884 .elementor-element.elementor-element-4bf72a42 > .e-con-inner > .elementor-background-slideshow::before, .elementor-1884 .elementor-element.elementor-element-4bf72a42 > .elementor-motion-effects-container > .elementor-motion-effects-layer::before{background-color:var( --e-global-color-primary );--background-overlay:'';}.elementor-1884 .elementor-element.elementor-element-4bf72a42:not(.elementor-motion-effects-element-type-background), .elementor-1884 .elementor-element.elementor-element-4bf72a42 > .elementor-motion-effects-container > .elementor-motion-effects-layer{background-position:center center;background-size:cover;}.elementor-1884 .elementor-element.elementor-element-514c4bb5{--display:flex;--min-height:88vh;--justify-content:flex-end;--align-items:flex-end;--container-widget-width:calc( ( 1 - var( --container-widget-flex-grow ) ) * 100% );--gap:30px 30px;--row-gap:30px;--column-gap:30px;border-style:solid;--border-style:solid;border-width:2px 0px 2px 2px;--border-top-width:2px;--border-right-width:0px;--border-bottom-width:2px;--border-left-width:2px;border-color:var( --e-global-color-c76b378 );--border-color:var( --e-global-color-c76b378 );--padding-top:38px;--padding-bottom:38px;--padding-left:38px;--padding-right:38px;}.elementor-widget-heading .elementor-heading-title{font-family:var( --e-global-typography-primary-font-family ), Sans-serif;font-weight:var( --e-global-typography-primary-font-weight );color:var( --e-global-color-primary );}.elementor-1884 .elementor-element.elementor-element-5acce88f{text-align:end;}.elementor-1884 .elementor-element.elementor-element-5acce88f .elementor-heading-title{font-family:\"Manrope\", Sans-serif;font-weight:200;text-transform:uppercase;color:var( --e-global-color-c76b378 );}.elementor-widget-button .elementor-button{background-color:var( --e-global-color-accent );font-family:var( --e-global-typography-accent-font-family ), Sans-serif;font-weight:var( --e-global-typography-accent-font-weight );}.elementor-1884 .elementor-element.elementor-element-7e52368a .elementor-button{background-color:var( --e-global-color-2f2de41 );font-family:\"Manrope\", Sans-serif;font-size:28px;font-weight:400;fill:var( --e-global-color-c76b378 );color:var( --e-global-color-c76b378 );border-style:solid;border-width:2px 2px 2px 2px;border-radius:0px 0px 0px 0px;padding:0px 0px 0px 0px;}.elementor-1884 .elementor-element.elementor-element-7e52368a .elementor-button:hover, .elementor-1884 .elementor-element.elementor-element-7e52368a .elementor-button:focus{background-color:var( --e-global-color-accent );color:var( --e-global-color-c76b378 );border-color:var( --e-global-color-secondary );}.elementor-1884 .elementor-element.elementor-element-7e52368a .elementor-button:hover svg, .elementor-1884 .elementor-element.elementor-element-7e52368a .elementor-button:focus svg{fill:var( --e-global-color-c76b378 );}@media(max-width:1500px){.elementor-1884 .elementor-element.elementor-element-4bf72a42{--padding-top:30px;--padding-bottom:30px;--padding-left:30px;--padding-right:0px;}.elementor-1884 .elementor-element.elementor-element-514c4bb5{--min-height:78vh;--padding-top:30px;--padding-bottom:30px;--padding-left:30px;--padding-right:30px;}.elementor-1884 .elementor-element.elementor-element-7e52368a .elementor-button{font-size:25px;}}@media(max-width:1200px){.elementor-1884 .elementor-element.elementor-element-4bf72a42{--padding-top:25px;--padding-bottom:25px;--padding-left:25px;--padding-right:0px;}.elementor-1884 .elementor-element.elementor-element-514c4bb5{--min-height:65vh;--padding-top:25px;--padding-bottom:25px;--padding-left:25px;--padding-right:25px;}.elementor-1884 .elementor-element.elementor-element-7e52368a .elementor-button{font-size:20px;}}@media(max-width:1024px){.elementor-1884 .elementor-element.elementor-element-4bf72a42{--padding-top:20px;--padding-bottom:20px;--padding-left:20px;--padding-right:0px;}.elementor-1884 .elementor-element.elementor-element-514c4bb5{--min-height:60vh;--padding-top:20px;--padding-bottom:20px;--padding-left:20px;--padding-right:20px;}.elementor-1884 .elementor-element.elementor-element-7e52368a .elementor-button{font-size:18px;}}@media(max-width:880px){.elementor-1884 .elementor-element.elementor-element-7e52368a .elementor-button{font-size:18px;}}@media(max-width:600px){.elementor-1884 .elementor-element.elementor-element-4bf72a42{--padding-top:14px;--padding-bottom:14px;--padding-left:14px;--padding-right:0px;}.elementor-1884 .elementor-element.elementor-element-514c4bb5{--min-height:50vh;--padding-top:14px;--padding-bottom:14px;--padding-left:14px;--padding-right:14px;}.elementor-1884 .elementor-element.elementor-element-7e52368a .elementor-button{font-size:16px;}}\/* Start custom CSS for button, class: .elementor-element-7e52368a *\/.room-btn a.elementor-button {\r\n    width: 320px;\r\n    height: 75px;\r\n    display: flex;\r\n    justify-content: center;\r\n    align-items: center;\r\n}\r\n@media (max-width:1500px) {\r\n    .room-btn a.elementor-button {\r\n    width: 280px;\r\n    height: 74px;\r\n}\r\n}\r\n@media (max-width:1200px) {\r\n    .room-btn a.elementor-button {\r\n    width: 260px;\r\n    height: 72px;\r\n}\r\n}\r\n@media (max-width:1024px) {\r\n    .room-btn a.elementor-button {\r\n    width: 230px;\r\n    height: 64px;\r\n}\r\n}\r\n@media (max-width:880px) {\r\n    .room-btn a.elementor-button {\r\n    width: 200px;\r\n    height: 60px;\r\n}\r\n}\r\n@media (max-width:600px) {\r\n    .room-btn a.elementor-button {\r\n    width: 180px;\r\n    height: 54px;\r\n}\r\n}\/* End custom CSS *\/\n\/* Start custom CSS for container, class: .elementor-element-4bf72a42 *\/.hotelbg {\n    background-size: cover!important;\n}\/* End custom CSS *\/<\/style>\t\t<div data-elementor-type=\"loop-item\" data-elementor-id=\"1884\" class=\"elementor elementor-1884 elementor-535 elementor-repeater-item-d485ed6 e-loop-item e-loop-item-1836 post-1836 thalassa-superior type-thalassa-superior status-publish has-post-thumbnail hentry\" data-elementor-post-type=\"elementor_library\" data-custom-edit-handle=\"1\">\n\t\t\t<div class=\"elementor-element elementor-element-4bf72a42 e-con-full hotelbg e-flex elementor-invisible e-con e-parent\" data-id=\"4bf72a42\" data-element_type=\"container\" data-settings=\"{&quot;background_background&quot;:&quot;classic&quot;,&quot;animation&quot;:&quot;fadeInRight&quot;}\">\n\t\t<div class=\"elementor-element elementor-element-514c4bb5 e-flex e-con-boxed e-con e-child\" data-id=\"514c4bb5\" data-element_type=\"container\">\n\t\t\t\t\t<div class=\"e-con-inner\">\n\t\t\t\t<div class=\"elementor-element elementor-element-5acce88f elementor-widget elementor-widget-heading\" data-id=\"5acce88f\" data-element_type=\"widget\" data-widget_type=\"heading.default\">\n\t\t\t\t\t<h2 class=\"elementor-heading-title elementor-size-default\"><a href=\"https:\/\/ionianseahotel.gr\/cs\/thalassa-superior\/dvouluzkovy-pokoj\/\">Dvojl\u016f\u017ekov\u00fd superior<\/a><\/h2>\t\t\t\t<\/div>\n\t\t\t\t<div class=\"elementor-element elementor-element-7e52368a room-btn elementor-widget elementor-widget-button\" data-id=\"7e52368a\" data-element_type=\"widget\" data-widget_type=\"button.default\">\n\t\t\t\t\t\t\t\t\t\t<a class=\"elementor-button elementor-button-link elementor-size-sm\" href=\"https:\/\/ionianseahotel.gr\/cs\/thalassa-superior\/dvouluzkovy-pokoj\/\">\n\t\t\t\t\t\t<span class=\"elementor-button-content-wrapper\">\n\t\t\t\t\t\t\t\t\t<span class=\"elementor-button-text\">ZOBRAZIT V\u00cdCE<\/span>\n\t\t\t\t\t<\/span>\n\t\t\t\t\t<\/a>\n\t\t\t\t\t\t\t\t<\/div>\n\t\t\t\t\t<\/div>\n\t\t\t\t<\/div>\n\t\t\t\t<\/div>\n\t\t\t\t<\/div>\n\t\t\t\t<\/div>\n\t\t\n\t\t\t\t\t\t<\/div>\n\t\t\t\t<\/div>\n\t\t\t\t<\/div>\n\t\t\t\t<\/div>\n\t\t","protected":false},"excerpt":{"rendered":"<p>S radost\u00ed v\u00e1s v\u00edt\u00e1me v nov\u011b postaven\u00e9m hotelu Thalassa Superior, kter\u00fd se nach\u00e1z\u00ed v kr\u00e1sn\u00e9 zelen\u00e9 o\u00e1ze v regionu Kounopetra, 7 km od malebn\u00e9ho m\u011bste\u010dka Lixouri. Elegantn\u00ed a sofistikovan\u00fd hotel, za\u0159\u00edzen\u00fd v mo\u0159sk\u00fdch odst\u00ednech modr\u00e9, v\u00e1m slibuje klid a \u00faplnou relaxaci. Jeho pohodln\u00e9 a dob\u0159e vybaven\u00e9 pokoje mohou ubytovat 2 a\u017e 4 osoby. N\u00e1dhern\u00fd v\u00fdhled [&hellip;]<\/p>\n","protected":false},"author":1,"featured_media":0,"parent":1725,"menu_order":0,"comment_status":"closed","ping_status":"closed","template":"","meta":{"_acf_changed":false,"footnotes":""},"class_list":["post-1739","page","type-page","status-publish","hentry"],"acf":[],"_links":{"self":[{"href":"https:\/\/ionianseahotel.gr\/cs\/wp-json\/wp\/v2\/pages\/1739","targetHints":{"allow":["GET"]}}],"collection":[{"href":"https:\/\/ionianseahotel.gr\/cs\/wp-json\/wp\/v2\/pages"}],"about":[{"href":"https:\/\/ionianseahotel.gr\/cs\/wp-json\/wp\/v2\/types\/page"}],"author":[{"embeddable":true,"href":"https:\/\/ionianseahotel.gr\/cs\/wp-json\/wp\/v2\/users\/1"}],"replies":[{"embeddable":true,"href":"https:\/\/ionianseahotel.gr\/cs\/wp-json\/wp\/v2\/comments?post=1739"}],"version-history":[{"count":1,"href":"https:\/\/ionianseahotel.gr\/cs\/wp-json\/wp\/v2\/pages\/1739\/revisions"}],"predecessor-version":[{"id":1740,"href":"https:\/\/ionianseahotel.gr\/cs\/wp-json\/wp\/v2\/pages\/1739\/revisions\/1740"}],"up":[{"embeddable":true,"href":"https:\/\/ionianseahotel.gr\/cs\/wp-json\/wp\/v2\/pages\/1725"}],"wp:attachment":[{"href":"https:\/\/ionianseahotel.gr\/cs\/wp-json\/wp\/v2\/media?parent=1739"}],"curies":[{"name":"wp","href":"https:\/\/api.w.org\/{rel}","templated":true}]}}