{"id":4184,"date":"2026-01-26T23:15:18","date_gmt":"2026-01-26T21:15:18","guid":{"rendered":"https:\/\/ionian.softwebpages.eu\/spa\/"},"modified":"2026-02-06T15:59:03","modified_gmt":"2026-02-06T13:59:03","slug":"spa","status":"publish","type":"page","link":"https:\/\/ionianseahotel.gr\/cs\/spa\/","title":{"rendered":"Spa"},"content":{"rendered":"\t\t<div data-elementor-type=\"wp-page\" data-elementor-id=\"4184\" class=\"elementor elementor-4184 elementor-4168\" data-elementor-post-type=\"page\">\n\t\t\t\t<div class=\"elementor-element elementor-element-95c1a3d e-flex e-con-boxed e-con e-parent\" data-id=\"95c1a3d\" data-element_type=\"container\" data-settings=\"{&quot;background_background&quot;:&quot;classic&quot;}\">\n\t\t\t\t\t<div class=\"e-con-inner\">\n\t\t<div class=\"elementor-element elementor-element-0f7eb2c e-con-full e-flex e-con e-child\" data-id=\"0f7eb2c\" data-element_type=\"container\">\n\t\t\t\t<\/div>\n\t\t<div class=\"elementor-element elementor-element-1ede230 e-con-full e-flex e-con e-child\" data-id=\"1ede230\" data-element_type=\"container\">\n\t\t\t\t<div class=\"elementor-element elementor-element-a38efb6 animated-slow elementor-invisible elementor-widget elementor-widget-heading\" data-id=\"a38efb6\" data-element_type=\"widget\" data-settings=\"{&quot;_animation&quot;:&quot;zoomIn&quot;}\" data-widget_type=\"heading.default\">\n\t\t\t\t\t<h1 class=\"elementor-heading-title elementor-size-default\">Spa<\/h1>\t\t\t\t<\/div>\n\t\t\t\t<\/div>\n\t\t<div class=\"elementor-element elementor-element-64c43fb e-con-full e-flex e-con e-child\" data-id=\"64c43fb\" data-element_type=\"container\">\n\t\t\t\t<div class=\"elementor-element elementor-element-7fc0217 animated-slow elementor-view-default elementor-invisible elementor-widget elementor-widget-icon\" data-id=\"7fc0217\" data-element_type=\"widget\" data-settings=\"{&quot;_animation&quot;:&quot;fadeInDown&quot;}\" data-widget_type=\"icon.default\">\n\t\t\t\t\t\t\t<div class=\"elementor-icon-wrapper\">\n\t\t\t<a class=\"elementor-icon\" href=\"#spa\">\n\t\t\t<svg xmlns=\"http:\/\/www.w3.org\/2000\/svg\" width=\"76\" height=\"103\" viewBox=\"0 0 76 103\"><g id=\"Group_261\" data-name=\"Group 261\" transform=\"translate(-922 -942)\"><path id=\"Path_1\" data-name=\"Path 1\" d=\"M39,41.242,51.371,28.871,39,16.5Z\" transform=\"translate(988.871 963.278) rotate(90)\" fill=\"#fff\"><\/path><line id=\"Line_22\" data-name=\"Line 22\" x1=\"68\" transform=\"translate(960 942) rotate(90)\" fill=\"none\" stroke=\"#fff\" stroke-width=\"2\"><\/line><circle id=\"Ellipse_1\" data-name=\"Ellipse 1\" cx=\"37\" cy=\"37\" r=\"37\" transform=\"translate(997 970) rotate(90)\" fill=\"none\" stroke=\"#fff\" stroke-width=\"2\"><\/circle><\/g><\/svg>\t\t\t<\/a>\n\t\t<\/div>\n\t\t\t\t\t\t<\/div>\n\t\t\t\t<\/div>\n\t\t\t\t\t<\/div>\n\t\t\t\t<\/div>\n\t\t<div class=\"elementor-element elementor-element-699d4b8 e-flex e-con-boxed e-con e-parent\" data-id=\"699d4b8\" data-element_type=\"container\">\n\t\t\t\t\t<div class=\"e-con-inner\">\n\t\t\t\t<div class=\"elementor-element elementor-element-abcc0dc elementor-widget elementor-widget-menu-anchor\" data-id=\"abcc0dc\" data-element_type=\"widget\" data-widget_type=\"menu-anchor.default\">\n\t\t\t\t\t\t\t<div class=\"elementor-menu-anchor\" id=\"spa\"><\/div>\n\t\t\t\t\t\t<\/div>\n\t\t\t\t\t<\/div>\n\t\t\t\t<\/div>\n\t\t<div class=\"elementor-element elementor-element-c843cd4 e-con-full e-flex e-con e-parent\" data-id=\"c843cd4\" data-element_type=\"container\">\n\t\t<div class=\"elementor-element elementor-element-4aa3008 e-con-full e-flex e-con e-child\" data-id=\"4aa3008\" data-element_type=\"container\">\n\t\t<div class=\"elementor-element elementor-element-9988783 e-con-full e-flex e-con e-child\" data-id=\"9988783\" data-element_type=\"container\">\n\t\t<div class=\"elementor-element elementor-element-6ed3657 e-con-full e-flex e-con e-child\" data-id=\"6ed3657\" data-element_type=\"container\">\n\t\t\t\t<div class=\"elementor-element elementor-element-ced5f47 elementor-widget elementor-widget-heading\" data-id=\"ced5f47\" data-element_type=\"widget\" data-widget_type=\"heading.default\">\n\t\t\t\t\t<h2 class=\"elementor-heading-title elementor-size-default\">Compact Spa<\/h2>\t\t\t\t<\/div>\n\t\t\t\t<div class=\"elementor-element elementor-element-0435974 elementor-widget__width-initial elementor-widget elementor-widget-text-editor\" data-id=\"0435974\" data-element_type=\"widget\" data-widget_type=\"text-editor.default\">\n\t\t\t\t\t\t\t\t\t<p>Hotel Ionian Sea v\u00e1s v\u00edt\u00e1 v <strong>Compact Spa<\/strong>, modern\u00edm a pe\u010dliv\u011b navr\u017een\u00e9m prostoru wellness, v\u011bnovan\u00e9m relaxaci a regeneraci. Zveme v\u00e1s k pro\u017eit\u00ed okam\u017eik\u016f naprost\u00e9ho klidu a p\u00e9\u010de o sebe prost\u0159ednictv\u00edm vybran\u00fdch procedur, wellness slu\u017eeb, produkt\u016f a sauny, kter\u00e9 jsou navr\u017eeny k obnoven\u00ed t\u011bla i mysli.<\/p>\n<p>Pro informace a rezervace kontaktujte denn\u011b hotelovou recepci.<\/p>\n\t\t\t\t\t\t\t\t<\/div>\n\t\t\t\t<div class=\"elementor-element elementor-element-d09bb11 elementor-widget elementor-widget-heading\" data-id=\"d09bb11\" data-element_type=\"widget\" data-widget_type=\"heading.default\">\n\t\t\t\t\t<h2 class=\"elementor-heading-title elementor-size-default\">Mas\u00e1\u017ee a Wellness Procedury<\/h2>\t\t\t\t<\/div>\n\t\t\t\t<div class=\"elementor-element elementor-element-e5ab898 elementor-widget__width-initial elementor-widget elementor-widget-text-editor\" data-id=\"e5ab898\" data-element_type=\"widget\" data-widget_type=\"text-editor.default\">\n\t\t\t\t\t\t\t\t\t<p><strong>Mas\u00e1\u017e zad \u2013 \u0161\u00edje \u2013 hlavy (30\u2019 \/ 45\u2019)<\/strong><\/p>\n<p>Terapeutick\u00e1 mas\u00e1\u017e zam\u011b\u0159en\u00e1 na svaly zad, \u0161\u00edje a ramen, zakon\u010den\u00e1 relaxa\u010dn\u00ed mas\u00e1\u017e\u00ed hlavy.<\/p>\n<p><strong>Antistresov\u00e1 mas\u00e1\u017e (30\u2019 \/ 60\u2019)<\/strong><\/p>\n<p>Relaxa\u010dn\u00ed mas\u00e1\u017e cel\u00e9ho t\u011bla se st\u0159edn\u00edm tlakem pro hlubokou regeneraci t\u011bla i mysli.<\/p>\n<p><strong>Deep Tissue mas\u00e1\u017e (30\u2019 \/ 60\u2019)<\/strong><\/p>\n<p>Intenzivn\u00ed hloubkov\u00e1 mas\u00e1\u017e cel\u00e9ho t\u011bla, kter\u00e1 pom\u00e1h\u00e1 uvolnit chronick\u00e9 svalov\u00e9 nap\u011bt\u00ed.<\/p>\n<p><strong>Bambusov\u00e1 mas\u00e1\u017e (70\u2019)<\/strong><\/p>\n<p>Tradi\u010dn\u00ed mas\u00e1\u017e cel\u00e9ho t\u011bla s pou\u017eit\u00edm bambusov\u00fdch ty\u010dinek, p\u016fsob\u00edc\u00ed hluboko na svaly a zm\u00edr\u0148uj\u00edc\u00ed bolest i nap\u011bt\u00ed.<\/p>\n<p><strong>Hydro mas\u00e1\u017e (60\u2019)<\/strong><\/p>\n<p>Relaxa\u010dn\u00ed mas\u00e1\u017e cel\u00e9ho t\u011bla s bambuck\u00fdm m\u00e1slem, kokosov\u00fdm olejem, aloe a dal\u0161\u00edmi vy\u017eivuj\u00edc\u00edmi slo\u017ekami pro intenzivn\u00ed hydrataci.<\/p>\n<p><strong>Mas\u00e1\u017e kon\u010detin (45\u2019)<\/strong><\/p>\n<p>Mas\u00e1\u017e hlavy, obli\u010deje, krku, rukou a nohou podporuj\u00edc\u00ed rovnov\u00e1hu a hlubokou relaxaci.<\/p>\n<p><strong>Mas\u00e1\u017e chodidel (30\u2019)<\/strong><\/p>\n<p>Uklid\u0148uj\u00edc\u00ed mas\u00e1\u017e zm\u00edr\u0148uj\u00edc\u00ed \u00fanavu doln\u00edch kon\u010detin.<\/p>\n<p><strong>D\u011btsk\u00e1 mas\u00e1\u017e (5\u201312 let) (20\u2019)<\/strong><\/p>\n<p>Jemn\u00e1 mas\u00e1\u017e pro d\u011bti podporuj\u00edc\u00ed lep\u0161\u00ed sp\u00e1nek, pohodu a sebev\u011bdom\u00ed, s pou\u017eit\u00edm kr\u00e9m\u016f na b\u00e1zi ovoce.<\/p>\n<p><strong>O\u0161et\u0159en\u00ed obli\u010deje<\/strong><\/p>\n<p>O\u0161et\u0159en\u00ed obli\u010deje p\u0159izp\u016fsoben\u00e9 pot\u0159eb\u00e1m ka\u017ed\u00e9ho typu pleti pro sv\u011b\u017e\u00ed a zdrav\u00fd vzhled.<\/p>\n<p><strong>Sauna<\/strong><\/p>\n<p>Dop\u0159ejte si dokonal\u00fd relax v saun\u011b Compact Spa, ide\u00e1ln\u00edm m\u00edst\u011b pro detoxikaci a regeneraci.<\/p>\n<p><strong>Wellness produkty<\/strong><\/p>\n<p>V Compact Spa naleznete pe\u010dliv\u011b vybran\u00e9 produkty vytvo\u0159en\u00e9 z nej\u010dist\u0161\u00edch ingredienc\u00ed z mo\u0159e a p\u0159\u00edrody ostrova Kefalonia.<\/p>\n<p>&nbsp;<\/p>\n\t\t\t\t\t\t\t\t<\/div>\n\t\t\t\t<\/div>\n\t\t\t\t<\/div>\n\t\t<div class=\"elementor-element elementor-element-7482ca8 e-con-full e-flex e-con e-child\" data-id=\"7482ca8\" data-element_type=\"container\">\n\t\t\t\t<div class=\"elementor-element elementor-element-9d47121 elementor-widget elementor-widget-gallery\" data-id=\"9d47121\" data-element_type=\"widget\" data-settings=\"{&quot;gallery_layout&quot;:&quot;masonry&quot;,&quot;columns&quot;:2,&quot;columns_laptop&quot;:2,&quot;columns_tablet_extra&quot;:2,&quot;columns_mobile_extra&quot;:1,&quot;lazyload&quot;:&quot;yes&quot;,&quot;columns_tablet&quot;:2,&quot;columns_mobile&quot;:1,&quot;gap&quot;:{&quot;unit&quot;:&quot;px&quot;,&quot;size&quot;:10,&quot;sizes&quot;:[]},&quot;gap_widescreen&quot;:{&quot;unit&quot;:&quot;px&quot;,&quot;size&quot;:&quot;&quot;,&quot;sizes&quot;:[]},&quot;gap_laptop&quot;:{&quot;unit&quot;:&quot;px&quot;,&quot;size&quot;:10,&quot;sizes&quot;:[]},&quot;gap_tablet_extra&quot;:{&quot;unit&quot;:&quot;px&quot;,&quot;size&quot;:10,&quot;sizes&quot;:[]},&quot;gap_tablet&quot;:{&quot;unit&quot;:&quot;px&quot;,&quot;size&quot;:10,&quot;sizes&quot;:[]},&quot;gap_mobile_extra&quot;:{&quot;unit&quot;:&quot;px&quot;,&quot;size&quot;:10,&quot;sizes&quot;:[]},&quot;gap_mobile&quot;:{&quot;unit&quot;:&quot;px&quot;,&quot;size&quot;:10,&quot;sizes&quot;:[]},&quot;link_to&quot;:&quot;file&quot;,&quot;content_hover_animation&quot;:&quot;fade-in&quot;}\" data-widget_type=\"gallery.default\">\n\t\t\t\t\t\t\t<div class=\"elementor-gallery__container\">\n\t\t\t\t\t\t\t<a class=\"e-gallery-item elementor-gallery-item elementor-animated-content\" href=\"https:\/\/ionianseahotel.gr\/wp-content\/uploads\/2026\/02\/file_00000000b38471f4bc57dfe14833073d.webp\" data-elementor-open-lightbox=\"yes\" data-elementor-lightbox-slideshow=\"9d47121\" data-e-action-hash=\"#elementor-action%3Aaction%3Dlightbox%26settings%3DeyJpZCI6NDM1NSwidXJsIjoiaHR0cHM6XC9cL2lvbmlhbnNlYWhvdGVsLmdyXC93cC1jb250ZW50XC91cGxvYWRzXC8yMDI2XC8wMlwvZmlsZV8wMDAwMDAwMGIzODQ3MWY0YmM1N2RmZTE0ODMzMDczZC53ZWJwIiwic2xpZGVzaG93IjoiOWQ0NzEyMSJ9\">\n\t\t\t\t\t<div class=\"e-gallery-image elementor-gallery-item__image\" data-thumbnail=\"https:\/\/ionianseahotel.gr\/wp-content\/uploads\/2026\/02\/file_00000000b38471f4bc57dfe14833073d.webp\" data-width=\"1536\" data-height=\"1024\" aria-label=\"\" role=\"img\" ><\/div>\n\t\t\t\t\t\t\t\t\t\t\t\t\t\t<\/a>\n\t\t\t\t\t\t\t<a class=\"e-gallery-item elementor-gallery-item elementor-animated-content\" href=\"https:\/\/ionianseahotel.gr\/wp-content\/uploads\/2026\/01\/\u0395\u03b9\u03ba\u03cc\u03bd\u03b12.jpg\" data-elementor-open-lightbox=\"yes\" data-elementor-lightbox-slideshow=\"9d47121\" data-e-action-hash=\"#elementor-action%3Aaction%3Dlightbox%26settings%3DeyJpZCI6NDE4MiwidXJsIjoiaHR0cHM6XC9cL2lvbmlhbnNlYWhvdGVsLmdyXC93cC1jb250ZW50XC91cGxvYWRzXC8yMDI2XC8wMVwvXHUwMzk1XHUwM2I5XHUwM2JhXHUwM2NjXHUwM2JkXHUwM2IxMi5qcGciLCJzbGlkZXNob3ciOiI5ZDQ3MTIxIn0%3D\">\n\t\t\t\t\t<div class=\"e-gallery-image elementor-gallery-item__image\" data-thumbnail=\"https:\/\/ionianseahotel.gr\/wp-content\/uploads\/2026\/01\/\u0395\u03b9\u03ba\u03cc\u03bd\u03b12.jpg\" data-width=\"609\" data-height=\"997\" aria-label=\"\" role=\"img\" ><\/div>\n\t\t\t\t\t\t\t\t\t\t\t\t\t\t<\/a>\n\t\t\t\t\t\t\t<a class=\"e-gallery-item elementor-gallery-item elementor-animated-content\" href=\"https:\/\/ionianseahotel.gr\/wp-content\/uploads\/2026\/02\/file_00000000d2b871f4893878fc15786a5b.webp\" data-elementor-open-lightbox=\"yes\" data-elementor-lightbox-slideshow=\"9d47121\" data-e-action-hash=\"#elementor-action%3Aaction%3Dlightbox%26settings%3DeyJpZCI6NDM1NiwidXJsIjoiaHR0cHM6XC9cL2lvbmlhbnNlYWhvdGVsLmdyXC93cC1jb250ZW50XC91cGxvYWRzXC8yMDI2XC8wMlwvZmlsZV8wMDAwMDAwMGQyYjg3MWY0ODkzODc4ZmMxNTc4NmE1Yi53ZWJwIiwic2xpZGVzaG93IjoiOWQ0NzEyMSJ9\">\n\t\t\t\t\t<div class=\"e-gallery-image elementor-gallery-item__image\" data-thumbnail=\"https:\/\/ionianseahotel.gr\/wp-content\/uploads\/2026\/02\/file_00000000d2b871f4893878fc15786a5b.webp\" data-width=\"1024\" data-height=\"1536\" aria-label=\"\" role=\"img\" ><\/div>\n\t\t\t\t\t\t\t\t\t\t\t\t\t\t<\/a>\n\t\t\t\t\t<\/div>\n\t\t\t\t\t<\/div>\n\t\t\t\t<\/div>\n\t\t\t\t<\/div>\n\t\t\t\t<\/div>\n\t\t\t\t<\/div>\n\t\t","protected":false},"excerpt":{"rendered":"<p>Compact Spa Hotel Ionian Sea v\u00e1s v\u00edt\u00e1 v Compact Spa, modern\u00edm a pe\u010dliv\u011b navr\u017een\u00e9m prostoru wellness, v\u011bnovan\u00e9m relaxaci a regeneraci. Zveme v\u00e1s k pro\u017eit\u00ed okam\u017eik\u016f naprost\u00e9ho klidu a p\u00e9\u010de o sebe prost\u0159ednictv\u00edm vybran\u00fdch procedur, wellness slu\u017eeb, produkt\u016f a sauny, kter\u00e9 jsou navr\u017eeny k obnoven\u00ed t\u011bla i mysli. Pro informace a rezervace kontaktujte denn\u011b hotelovou recepci. [&hellip;]<\/p>\n","protected":false},"author":1,"featured_media":0,"parent":0,"menu_order":0,"comment_status":"closed","ping_status":"closed","template":"","meta":{"_acf_changed":false,"footnotes":""},"class_list":["post-4184","page","type-page","status-publish","hentry"],"acf":[],"_links":{"self":[{"href":"https:\/\/ionianseahotel.gr\/cs\/wp-json\/wp\/v2\/pages\/4184","targetHints":{"allow":["GET"]}}],"collection":[{"href":"https:\/\/ionianseahotel.gr\/cs\/wp-json\/wp\/v2\/pages"}],"about":[{"href":"https:\/\/ionianseahotel.gr\/cs\/wp-json\/wp\/v2\/types\/page"}],"author":[{"embeddable":true,"href":"https:\/\/ionianseahotel.gr\/cs\/wp-json\/wp\/v2\/users\/1"}],"replies":[{"embeddable":true,"href":"https:\/\/ionianseahotel.gr\/cs\/wp-json\/wp\/v2\/comments?post=4184"}],"version-history":[{"count":3,"href":"https:\/\/ionianseahotel.gr\/cs\/wp-json\/wp\/v2\/pages\/4184\/revisions"}],"predecessor-version":[{"id":4379,"href":"https:\/\/ionianseahotel.gr\/cs\/wp-json\/wp\/v2\/pages\/4184\/revisions\/4379"}],"wp:attachment":[{"href":"https:\/\/ionianseahotel.gr\/cs\/wp-json\/wp\/v2\/media?parent=4184"}],"curies":[{"name":"wp","href":"https:\/\/api.w.org\/{rel}","templated":true}]}}