{"id":4298,"date":"2025-10-14T19:32:36","date_gmt":"2025-10-14T16:32:36","guid":{"rendered":"https:\/\/ionian.softwebpages.eu\/cookies\/"},"modified":"2026-02-01T22:21:53","modified_gmt":"2026-02-01T20:21:53","slug":"cookies","status":"publish","type":"page","link":"https:\/\/ionianseahotel.gr\/cs\/cookies\/","title":{"rendered":"Cookies"},"content":{"rendered":"\t\t<div data-elementor-type=\"wp-page\" data-elementor-id=\"4298\" class=\"elementor elementor-4298 elementor-49\" data-elementor-post-type=\"page\">\n\t\t\t\t<div class=\"elementor-element elementor-element-f626093 e-flex e-con-boxed e-con e-parent\" data-id=\"f626093\" data-element_type=\"container\" data-settings=\"{&quot;background_background&quot;:&quot;classic&quot;}\">\n\t\t\t\t\t<div class=\"e-con-inner\">\n\t\t<div class=\"elementor-element elementor-element-25eddaf e-con-full e-flex e-con e-child\" data-id=\"25eddaf\" data-element_type=\"container\">\n\t\t\t\t<\/div>\n\t\t<div class=\"elementor-element elementor-element-102dcdb e-con-full e-flex e-con e-child\" data-id=\"102dcdb\" data-element_type=\"container\">\n\t\t\t\t<div class=\"elementor-element elementor-element-16571a2 animated-slow elementor-invisible elementor-widget elementor-widget-heading\" data-id=\"16571a2\" data-element_type=\"widget\" data-settings=\"{&quot;_animation&quot;:&quot;zoomIn&quot;}\" data-widget_type=\"heading.default\">\n\t\t\t\t\t<h1 class=\"elementor-heading-title elementor-size-default\">Cookies<\/h1>\t\t\t\t<\/div>\n\t\t\t\t<\/div>\n\t\t<div class=\"elementor-element elementor-element-6d2a6ca e-con-full e-flex e-con e-child\" data-id=\"6d2a6ca\" data-element_type=\"container\">\n\t\t\t\t<div class=\"elementor-element elementor-element-5ebc095 animated-slow elementor-view-default elementor-invisible elementor-widget elementor-widget-icon\" data-id=\"5ebc095\" data-element_type=\"widget\" data-settings=\"{&quot;_animation&quot;:&quot;fadeInDown&quot;}\" data-widget_type=\"icon.default\">\n\t\t\t\t\t\t\t<div class=\"elementor-icon-wrapper\">\n\t\t\t<a class=\"elementor-icon\" href=\"#policy\">\n\t\t\t<svg xmlns=\"http:\/\/www.w3.org\/2000\/svg\" width=\"76\" height=\"103\" viewBox=\"0 0 76 103\"><g id=\"Group_261\" data-name=\"Group 261\" transform=\"translate(-922 -942)\"><path id=\"Path_1\" data-name=\"Path 1\" d=\"M39,41.242,51.371,28.871,39,16.5Z\" transform=\"translate(988.871 963.278) rotate(90)\" fill=\"#fff\"><\/path><line id=\"Line_22\" data-name=\"Line 22\" x1=\"68\" transform=\"translate(960 942) rotate(90)\" fill=\"none\" stroke=\"#fff\" stroke-width=\"2\"><\/line><circle id=\"Ellipse_1\" data-name=\"Ellipse 1\" cx=\"37\" cy=\"37\" r=\"37\" transform=\"translate(997 970) rotate(90)\" fill=\"none\" stroke=\"#fff\" stroke-width=\"2\"><\/circle><\/g><\/svg>\t\t\t<\/a>\n\t\t<\/div>\n\t\t\t\t\t\t<\/div>\n\t\t\t\t<\/div>\n\t\t\t\t\t<\/div>\n\t\t\t\t<\/div>\n\t\t<div class=\"elementor-element elementor-element-463d448 e-flex e-con-boxed e-con e-parent\" data-id=\"463d448\" data-element_type=\"container\">\n\t\t\t\t\t<div class=\"e-con-inner\">\n\t\t\t\t<div class=\"elementor-element elementor-element-42bebca elementor-widget elementor-widget-menu-anchor\" data-id=\"42bebca\" data-element_type=\"widget\" data-widget_type=\"menu-anchor.default\">\n\t\t\t\t\t\t\t<div class=\"elementor-menu-anchor\" id=\"policy\"><\/div>\n\t\t\t\t\t\t<\/div>\n\t\t\t\t\t<\/div>\n\t\t\t\t<\/div>\n\t\t<div class=\"elementor-element elementor-element-8be359d e-con-full e-flex e-con e-parent\" data-id=\"8be359d\" data-element_type=\"container\">\n\t\t<div class=\"elementor-element elementor-element-447cb1d e-con-full e-flex e-con e-child\" data-id=\"447cb1d\" data-element_type=\"container\">\n\t\t<div class=\"elementor-element elementor-element-b7b619f e-con-full e-flex e-con e-child\" data-id=\"b7b619f\" data-element_type=\"container\">\n\t\t<div class=\"elementor-element elementor-element-316f608 e-con-full e-flex e-con e-child\" data-id=\"316f608\" data-element_type=\"container\">\n\t\t\t\t<div class=\"elementor-element elementor-element-4e25588 elementor-widget elementor-widget-heading\" data-id=\"4e25588\" data-element_type=\"widget\" data-widget_type=\"heading.default\">\n\t\t\t\t\t<h2 class=\"elementor-heading-title elementor-size-default\">Z\u00e1sady pou\u017e\u00edv\u00e1n\u00ed soubor\u016f cookie<\/h2>\t\t\t\t<\/div>\n\t\t\t\t<div class=\"elementor-element elementor-element-85d8002 elementor-widget__width-initial elementor-widget elementor-widget-text-editor\" data-id=\"85d8002\" data-element_type=\"widget\" data-widget_type=\"text-editor.default\">\n\t\t\t\t\t\t\t\t\t<p><strong>Co jsou soubory cookie?<\/strong><br \/>Soubory cookie jsou mal\u00e9 textov\u00e9 soubory ulo\u017een\u00e9 ve va\u0161em za\u0159\u00edzen\u00ed p\u0159i n\u00e1v\u0161t\u011bv\u011b na\u0161ich webov\u00fdch str\u00e1nek. Pom\u00e1haj\u00ed n\u00e1m zajistit lep\u0161\u00ed u\u017eivatelsk\u00fd z\u00e1\u017eitek a analyzovat n\u00e1v\u0161t\u011bvnost webu.<\/p>\n<p>&nbsp;<\/p>\n<p><strong> Typy soubor\u016f cookie, kter\u00e9 pou\u017e\u00edv\u00e1me<\/strong><\/p>\n<ul>\n<li><strong>Nezbytn\u00e9 cookies:<\/strong> Nutn\u00e9 pro fungov\u00e1n\u00ed webu (nap\u0159. proces rezervace).<\/li>\n<li><strong>Analytick\u00e9 cookies:<\/strong> Pom\u00e1haj\u00ed n\u00e1m pochopit, jak n\u00e1v\u0161t\u011bvn\u00edci interaguj\u00ed s na\u0161\u00edm webem (nap\u0159. Google Analytics).<\/li>\n<li><strong>Funk\u010dn\u00ed cookies:<\/strong> Pamatuj\u00ed si va\u0161e preference (nap\u0159. nastaven\u00ed jazyka).<\/li>\n<li><strong>Marketingov\u00e9 cookies:<\/strong> Pou\u017e\u00edvaj\u00ed se ke sledov\u00e1n\u00ed n\u00e1v\u0161t\u011bvn\u00edk\u016f nap\u0159\u00ed\u010d webov\u00fdmi str\u00e1nkami za \u00fa\u010delem zobrazov\u00e1n\u00ed relevantn\u00edch reklam.<\/li>\n<\/ul>\n<p>&nbsp;<\/p>\n<p><strong> Va\u0161e volby<\/strong><br \/>Soubory cookie m\u016f\u017eete spravovat nebo mazat prost\u0159ednictv\u00edm nastaven\u00ed prohl\u00ed\u017ee\u010de. Zak\u00e1z\u00e1n\u00ed nezbytn\u00fdch soubor\u016f cookie v\u0161ak m\u016f\u017ee ovlivnit funk\u010dnost na\u0161ich webov\u00fdch str\u00e1nek.<\/p>\n\t\t\t\t\t\t\t\t<\/div>\n\t\t\t\t<\/div>\n\t\t\t\t<\/div>\n\t\t\t\t<\/div>\n\t\t\t\t<\/div>\n\t\t\t\t<\/div>\n\t\t","protected":false},"excerpt":{"rendered":"<p>Z\u00e1sady pou\u017e\u00edv\u00e1n\u00ed soubor\u016f cookie Co jsou soubory cookie?Soubory cookie jsou mal\u00e9 textov\u00e9 soubory ulo\u017een\u00e9 ve va\u0161em za\u0159\u00edzen\u00ed p\u0159i n\u00e1v\u0161t\u011bv\u011b na\u0161ich webov\u00fdch str\u00e1nek. Pom\u00e1haj\u00ed n\u00e1m zajistit lep\u0161\u00ed u\u017eivatelsk\u00fd z\u00e1\u017eitek a analyzovat n\u00e1v\u0161t\u011bvnost webu. &nbsp; Typy soubor\u016f cookie, kter\u00e9 pou\u017e\u00edv\u00e1me Nezbytn\u00e9 cookies: Nutn\u00e9 pro fungov\u00e1n\u00ed webu (nap\u0159. proces rezervace). Analytick\u00e9 cookies: Pom\u00e1haj\u00ed n\u00e1m pochopit, jak n\u00e1v\u0161t\u011bvn\u00edci interaguj\u00ed [&hellip;]<\/p>\n","protected":false},"author":1,"featured_media":0,"parent":0,"menu_order":0,"comment_status":"closed","ping_status":"closed","template":"","meta":{"_acf_changed":false,"footnotes":""},"class_list":["post-4298","page","type-page","status-publish","hentry"],"acf":[],"_links":{"self":[{"href":"https:\/\/ionianseahotel.gr\/cs\/wp-json\/wp\/v2\/pages\/4298","targetHints":{"allow":["GET"]}}],"collection":[{"href":"https:\/\/ionianseahotel.gr\/cs\/wp-json\/wp\/v2\/pages"}],"about":[{"href":"https:\/\/ionianseahotel.gr\/cs\/wp-json\/wp\/v2\/types\/page"}],"author":[{"embeddable":true,"href":"https:\/\/ionianseahotel.gr\/cs\/wp-json\/wp\/v2\/users\/1"}],"replies":[{"embeddable":true,"href":"https:\/\/ionianseahotel.gr\/cs\/wp-json\/wp\/v2\/comments?post=4298"}],"version-history":[{"count":2,"href":"https:\/\/ionianseahotel.gr\/cs\/wp-json\/wp\/v2\/pages\/4298\/revisions"}],"predecessor-version":[{"id":4310,"href":"https:\/\/ionianseahotel.gr\/cs\/wp-json\/wp\/v2\/pages\/4298\/revisions\/4310"}],"wp:attachment":[{"href":"https:\/\/ionianseahotel.gr\/cs\/wp-json\/wp\/v2\/media?parent=4298"}],"curies":[{"name":"wp","href":"https:\/\/api.w.org\/{rel}","templated":true}]}}