{"id":4336,"date":"2025-10-14T11:46:42","date_gmt":"2025-10-14T08:46:42","guid":{"rendered":"https:\/\/ionian.softwebpages.eu\/privacy-policy\/"},"modified":"2026-02-01T22:35:53","modified_gmt":"2026-02-01T20:35:53","slug":"privacy-policy","status":"publish","type":"page","link":"https:\/\/ionianseahotel.gr\/cs\/privacy-policy\/","title":{"rendered":"Privacy Policy"},"content":{"rendered":"\t\t<div data-elementor-type=\"wp-page\" data-elementor-id=\"4336\" class=\"elementor elementor-4336 elementor-3\" data-elementor-post-type=\"page\">\n\t\t\t\t<div class=\"elementor-element elementor-element-c2001a2 e-flex e-con-boxed e-con e-parent\" data-id=\"c2001a2\" data-element_type=\"container\" data-settings=\"{&quot;background_background&quot;:&quot;classic&quot;}\">\n\t\t\t\t\t<div class=\"e-con-inner\">\n\t\t<div class=\"elementor-element elementor-element-22cdb8c e-con-full e-flex e-con e-child\" data-id=\"22cdb8c\" data-element_type=\"container\">\n\t\t\t\t<\/div>\n\t\t<div class=\"elementor-element elementor-element-ecb5b07 e-con-full e-flex e-con e-child\" data-id=\"ecb5b07\" data-element_type=\"container\">\n\t\t\t\t<div class=\"elementor-element elementor-element-2d5a194 animated-slow elementor-invisible elementor-widget elementor-widget-heading\" data-id=\"2d5a194\" data-element_type=\"widget\" data-settings=\"{&quot;_animation&quot;:&quot;zoomIn&quot;}\" data-widget_type=\"heading.default\">\n\t\t\t\t\t<h1 class=\"elementor-heading-title elementor-size-default\">Privacy Policy<\/h1>\t\t\t\t<\/div>\n\t\t\t\t<\/div>\n\t\t<div class=\"elementor-element elementor-element-8ff1701 e-con-full e-flex e-con e-child\" data-id=\"8ff1701\" data-element_type=\"container\">\n\t\t\t\t<div class=\"elementor-element elementor-element-91ecfd6 animated-slow elementor-view-default elementor-invisible elementor-widget elementor-widget-icon\" data-id=\"91ecfd6\" data-element_type=\"widget\" data-settings=\"{&quot;_animation&quot;:&quot;fadeInDown&quot;}\" data-widget_type=\"icon.default\">\n\t\t\t\t\t\t\t<div class=\"elementor-icon-wrapper\">\n\t\t\t<a class=\"elementor-icon\" href=\"#policy\">\n\t\t\t<svg xmlns=\"http:\/\/www.w3.org\/2000\/svg\" width=\"76\" height=\"103\" viewBox=\"0 0 76 103\"><g id=\"Group_261\" data-name=\"Group 261\" transform=\"translate(-922 -942)\"><path id=\"Path_1\" data-name=\"Path 1\" d=\"M39,41.242,51.371,28.871,39,16.5Z\" transform=\"translate(988.871 963.278) rotate(90)\" fill=\"#fff\"><\/path><line id=\"Line_22\" data-name=\"Line 22\" x1=\"68\" transform=\"translate(960 942) rotate(90)\" fill=\"none\" stroke=\"#fff\" stroke-width=\"2\"><\/line><circle id=\"Ellipse_1\" data-name=\"Ellipse 1\" cx=\"37\" cy=\"37\" r=\"37\" transform=\"translate(997 970) rotate(90)\" fill=\"none\" stroke=\"#fff\" stroke-width=\"2\"><\/circle><\/g><\/svg>\t\t\t<\/a>\n\t\t<\/div>\n\t\t\t\t\t\t<\/div>\n\t\t\t\t<\/div>\n\t\t\t\t\t<\/div>\n\t\t\t\t<\/div>\n\t\t<div class=\"elementor-element elementor-element-938cb39 e-flex e-con-boxed e-con e-parent\" data-id=\"938cb39\" data-element_type=\"container\">\n\t\t\t\t\t<div class=\"e-con-inner\">\n\t\t\t\t<div class=\"elementor-element elementor-element-cd7d2d2 elementor-widget elementor-widget-menu-anchor\" data-id=\"cd7d2d2\" data-element_type=\"widget\" data-widget_type=\"menu-anchor.default\">\n\t\t\t\t\t\t\t<div class=\"elementor-menu-anchor\" id=\"policy\"><\/div>\n\t\t\t\t\t\t<\/div>\n\t\t\t\t\t<\/div>\n\t\t\t\t<\/div>\n\t\t<div class=\"elementor-element elementor-element-aace651 e-con-full e-flex e-con e-parent\" data-id=\"aace651\" data-element_type=\"container\">\n\t\t<div class=\"elementor-element elementor-element-9a01d8b e-con-full e-flex e-con e-child\" data-id=\"9a01d8b\" data-element_type=\"container\">\n\t\t<div class=\"elementor-element elementor-element-14a145a e-con-full e-flex e-con e-child\" data-id=\"14a145a\" data-element_type=\"container\">\n\t\t<div class=\"elementor-element elementor-element-94f3f84 e-con-full e-flex e-con e-child\" data-id=\"94f3f84\" data-element_type=\"container\">\n\t\t\t\t<div class=\"elementor-element elementor-element-283a790 elementor-widget elementor-widget-heading\" data-id=\"283a790\" data-element_type=\"widget\" data-widget_type=\"heading.default\">\n\t\t\t\t\t<h2 class=\"elementor-heading-title elementor-size-default\">Z\u00e1sady ochrany osobn\u00edch \u00fadaj\u016f Datum \u00fa\u010dinnosti: 16. prosince 2025<\/h2>\t\t\t\t<\/div>\n\t\t\t\t<div class=\"elementor-element elementor-element-4dcd4c6 elementor-widget__width-initial elementor-widget elementor-widget-text-editor\" data-id=\"4dcd4c6\" data-element_type=\"widget\" data-widget_type=\"text-editor.default\">\n\t\t\t\t\t\t\t\t\t<p><strong>\u00davod<br \/>\n<\/strong>V\u00edtejte v <strong>Ionian Sea Hotel &amp; Villas \u2013 Aqua Park<\/strong>. Respektujeme va\u0161e soukrom\u00ed a zavazujeme se chr\u00e1nit va\u0161e osobn\u00ed \u00fadaje. Tyto Z\u00e1sady ochrany osobn\u00edch \u00fadaj\u016f vysv\u011btluj\u00ed n\u00e1\u0161 obecn\u00fd p\u0159\u00edstup k ochran\u011b \u00fadaj\u016f a va\u0161e pr\u00e1va podle Obecn\u00e9ho na\u0159\u00edzen\u00ed o ochran\u011b osobn\u00edch \u00fadaj\u016f (GDPR).<\/p>\n<p><strong><br \/>\nSpr\u00e1vce \u00fadaj\u016f<br \/>\n<\/strong>Subjektem odpov\u011bdn\u00fdm za va\u0161e \u00fadaje je:<\/p>\n<ul>\n<li><strong>Spole\u010dnost:<\/strong> Ionian Sea Hotel &amp; Villas \u2013 Aqua Park<\/li>\n<li><strong>Adresa:<\/strong> Kounopetra, Lixouri, Kefalonia, 28200, \u0158ecko<\/li>\n<li><strong>E-mail:<\/strong> ionianseahotel@gmail.com<\/li>\n<li><strong>Telefon:<\/strong> +30 26710 92280<\/li>\n<\/ul>\n<p><strong><br \/>\nN\u00e1\u0161 z\u00e1vazek<br \/>\n<\/strong>Zaji\u0161\u0165ujeme, aby va\u0161e \u00fadaje byly zpracov\u00e1v\u00e1ny z\u00e1konn\u011b, spravedliv\u011b a transparentn\u011b. \u00dadaje shroma\u017e\u010fujeme pouze pro stanoven\u00e9, v\u00fdslovn\u00e9 a legitimn\u00ed \u00fa\u010dely a d\u00e1le je nezpracov\u00e1v\u00e1me zp\u016fsobem, kter\u00fd je s t\u011bmito \u00fa\u010dely neslu\u010diteln\u00fd.<\/p>\n<p><strong><br \/>\nBezpe\u010dnost<br \/>\n<\/strong>Zavedli jsme vhodn\u00e1 technick\u00e1 a organiza\u010dn\u00ed opat\u0159en\u00ed k zabezpe\u010den\u00ed va\u0161ich osobn\u00edch \u00fadaj\u016f p\u0159ed neopr\u00e1vn\u011bn\u00fdm p\u0159\u00edstupem, ztr\u00e1tou nebo zneu\u017eit\u00edm, v\u010detn\u011b pou\u017eit\u00ed \u0161ifrov\u00e1n\u00ed SSL na na\u0161ich webov\u00fdch str\u00e1nk\u00e1ch.<\/p>\n<p><strong><br \/>\nVa\u0161e pr\u00e1va<br \/>\n<\/strong>M\u00e1te pr\u00e1vo na p\u0159\u00edstup, opravu, vymaz\u00e1n\u00ed nebo omezen\u00ed zpracov\u00e1n\u00ed va\u0161ich \u00fadaj\u016f. M\u00e1te tak\u00e9 pr\u00e1vo na p\u0159enositelnost \u00fadaj\u016f a pr\u00e1vo vzn\u00e9st n\u00e1mitku. Chcete-li uplatnit kter\u00e9koli z t\u011bchto pr\u00e1v, kontaktujte n\u00e1s pros\u00edm na adrese <a href=\"mailto:ionianseahotel@gmail.com\">ionianseahotel@gmail.com<\/a>.<\/p>\n<p>Podrobn\u011bj\u0161\u00ed informace o konkr\u00e9tn\u00edch \u00fadaj\u00edch, kter\u00e9 shroma\u017e\u010fujeme, naleznete v na\u0161ich <strong>Z\u00e1sad\u00e1ch zpracov\u00e1n\u00ed osobn\u00edch \u00fadaj\u016f<\/strong>. Informace o technologi\u00edch sledov\u00e1n\u00ed naleznete v na\u0161ich <strong>Z\u00e1sad\u00e1ch pou\u017e\u00edv\u00e1n\u00ed soubor\u016f cookie<\/strong>.<\/p>\n\t\t\t\t\t\t\t\t<\/div>\n\t\t\t\t<\/div>\n\t\t\t\t<\/div>\n\t\t\t\t<\/div>\n\t\t\t\t<\/div>\n\t\t\t\t<\/div>\n\t\t","protected":false},"excerpt":{"rendered":"<p>Z\u00e1sady ochrany osobn\u00edch \u00fadaj\u016f Datum \u00fa\u010dinnosti: 16. prosince 2025 \u00davod V\u00edtejte v Ionian Sea Hotel &amp; Villas \u2013 Aqua Park. Respektujeme va\u0161e soukrom\u00ed a zavazujeme se chr\u00e1nit va\u0161e osobn\u00ed \u00fadaje. Tyto Z\u00e1sady ochrany osobn\u00edch \u00fadaj\u016f vysv\u011btluj\u00ed n\u00e1\u0161 obecn\u00fd p\u0159\u00edstup k ochran\u011b \u00fadaj\u016f a va\u0161e pr\u00e1va podle Obecn\u00e9ho na\u0159\u00edzen\u00ed o ochran\u011b osobn\u00edch \u00fadaj\u016f (GDPR). Spr\u00e1vce \u00fadaj\u016f [&hellip;]<\/p>\n","protected":false},"author":1,"featured_media":0,"parent":0,"menu_order":0,"comment_status":"closed","ping_status":"open","template":"","meta":{"_acf_changed":false,"footnotes":""},"class_list":["post-4336","page","type-page","status-publish","hentry"],"acf":[],"_links":{"self":[{"href":"https:\/\/ionianseahotel.gr\/cs\/wp-json\/wp\/v2\/pages\/4336","targetHints":{"allow":["GET"]}}],"collection":[{"href":"https:\/\/ionianseahotel.gr\/cs\/wp-json\/wp\/v2\/pages"}],"about":[{"href":"https:\/\/ionianseahotel.gr\/cs\/wp-json\/wp\/v2\/types\/page"}],"author":[{"embeddable":true,"href":"https:\/\/ionianseahotel.gr\/cs\/wp-json\/wp\/v2\/users\/1"}],"replies":[{"embeddable":true,"href":"https:\/\/ionianseahotel.gr\/cs\/wp-json\/wp\/v2\/comments?post=4336"}],"version-history":[{"count":1,"href":"https:\/\/ionianseahotel.gr\/cs\/wp-json\/wp\/v2\/pages\/4336\/revisions"}],"predecessor-version":[{"id":4337,"href":"https:\/\/ionianseahotel.gr\/cs\/wp-json\/wp\/v2\/pages\/4336\/revisions\/4337"}],"wp:attachment":[{"href":"https:\/\/ionianseahotel.gr\/cs\/wp-json\/wp\/v2\/media?parent=4336"}],"curies":[{"name":"wp","href":"https:\/\/api.w.org\/{rel}","templated":true}]}}