{"id":4281,"date":"2026-01-26T23:30:34","date_gmt":"2026-01-26T21:30:34","guid":{"rendered":"https:\/\/ionian.softwebpages.eu\/hotele\/thalassa-superior\/spa\/"},"modified":"2026-02-06T15:58:13","modified_gmt":"2026-02-06T13:58:13","slug":"spa","status":"publish","type":"page","link":"https:\/\/ionianseahotel.gr\/pl\/hotele\/thalassa-superior\/spa\/","title":{"rendered":"Spa"},"content":{"rendered":"\t\t<div data-elementor-type=\"wp-page\" data-elementor-id=\"4281\" class=\"elementor elementor-4281 elementor-4195\" data-elementor-post-type=\"page\">\n\t\t\t\t<div class=\"elementor-element elementor-element-95c1a3d e-flex e-con-boxed e-con e-parent\" data-id=\"95c1a3d\" data-element_type=\"container\" data-settings=\"{&quot;background_background&quot;:&quot;classic&quot;}\">\n\t\t\t\t\t<div class=\"e-con-inner\">\n\t\t<div class=\"elementor-element elementor-element-0f7eb2c e-con-full e-flex e-con e-child\" data-id=\"0f7eb2c\" data-element_type=\"container\">\n\t\t\t\t<\/div>\n\t\t<div class=\"elementor-element elementor-element-1ede230 e-con-full e-flex e-con e-child\" data-id=\"1ede230\" data-element_type=\"container\">\n\t\t\t\t<div class=\"elementor-element elementor-element-a38efb6 animated-slow elementor-invisible elementor-widget elementor-widget-heading\" data-id=\"a38efb6\" data-element_type=\"widget\" data-settings=\"{&quot;_animation&quot;:&quot;zoomIn&quot;}\" data-widget_type=\"heading.default\">\n\t\t\t\t\t<h1 class=\"elementor-heading-title elementor-size-default\">Spa<\/h1>\t\t\t\t<\/div>\n\t\t\t\t<\/div>\n\t\t<div class=\"elementor-element elementor-element-64c43fb e-con-full e-flex e-con e-child\" data-id=\"64c43fb\" data-element_type=\"container\">\n\t\t\t\t<div class=\"elementor-element elementor-element-7fc0217 animated-slow elementor-view-default elementor-invisible elementor-widget elementor-widget-icon\" data-id=\"7fc0217\" data-element_type=\"widget\" data-settings=\"{&quot;_animation&quot;:&quot;fadeInDown&quot;}\" data-widget_type=\"icon.default\">\n\t\t\t\t\t\t\t<div class=\"elementor-icon-wrapper\">\n\t\t\t<a class=\"elementor-icon\" href=\"#spa\">\n\t\t\t<svg xmlns=\"http:\/\/www.w3.org\/2000\/svg\" width=\"76\" height=\"103\" viewBox=\"0 0 76 103\"><g id=\"Group_261\" data-name=\"Group 261\" transform=\"translate(-922 -942)\"><path id=\"Path_1\" data-name=\"Path 1\" d=\"M39,41.242,51.371,28.871,39,16.5Z\" transform=\"translate(988.871 963.278) rotate(90)\" fill=\"#fff\"><\/path><line id=\"Line_22\" data-name=\"Line 22\" x1=\"68\" transform=\"translate(960 942) rotate(90)\" fill=\"none\" stroke=\"#fff\" stroke-width=\"2\"><\/line><circle id=\"Ellipse_1\" data-name=\"Ellipse 1\" cx=\"37\" cy=\"37\" r=\"37\" transform=\"translate(997 970) rotate(90)\" fill=\"none\" stroke=\"#fff\" stroke-width=\"2\"><\/circle><\/g><\/svg>\t\t\t<\/a>\n\t\t<\/div>\n\t\t\t\t\t\t<\/div>\n\t\t\t\t<\/div>\n\t\t\t\t\t<\/div>\n\t\t\t\t<\/div>\n\t\t<div class=\"elementor-element elementor-element-699d4b8 e-flex e-con-boxed e-con e-parent\" data-id=\"699d4b8\" data-element_type=\"container\">\n\t\t\t\t\t<div class=\"e-con-inner\">\n\t\t\t\t<div class=\"elementor-element elementor-element-abcc0dc elementor-widget elementor-widget-menu-anchor\" data-id=\"abcc0dc\" data-element_type=\"widget\" data-widget_type=\"menu-anchor.default\">\n\t\t\t\t\t\t\t<div class=\"elementor-menu-anchor\" id=\"spa\"><\/div>\n\t\t\t\t\t\t<\/div>\n\t\t\t\t\t<\/div>\n\t\t\t\t<\/div>\n\t\t<div class=\"elementor-element elementor-element-c843cd4 e-con-full e-flex e-con e-parent\" data-id=\"c843cd4\" data-element_type=\"container\">\n\t\t<div class=\"elementor-element elementor-element-4aa3008 e-con-full e-flex e-con e-child\" data-id=\"4aa3008\" data-element_type=\"container\">\n\t\t<div class=\"elementor-element elementor-element-9988783 e-con-full e-flex e-con e-child\" data-id=\"9988783\" data-element_type=\"container\">\n\t\t<div class=\"elementor-element elementor-element-6ed3657 e-con-full e-flex e-con e-child\" data-id=\"6ed3657\" data-element_type=\"container\">\n\t\t\t\t<div class=\"elementor-element elementor-element-ced5f47 elementor-widget elementor-widget-heading\" data-id=\"ced5f47\" data-element_type=\"widget\" data-widget_type=\"heading.default\">\n\t\t\t\t\t<h2 class=\"elementor-heading-title elementor-size-default\">Compact Spa<\/h2>\t\t\t\t<\/div>\n\t\t\t\t<div class=\"elementor-element elementor-element-0435974 elementor-widget__width-initial elementor-widget elementor-widget-text-editor\" data-id=\"0435974\" data-element_type=\"widget\" data-widget_type=\"text-editor.default\">\n\t\t\t\t\t\t\t\t\t<p>Hotel Ionian Sea zaprasza do <strong>Compact Spa<\/strong>, nowoczesnej i starannie zaprojektowanej strefy wellness, stworzonej z my\u015bl\u0105 o relaksie i regeneracji. Zapraszamy do chwili pe\u0142nej spokoju i odpr\u0119\u017cenia, wybieraj\u0105c spo\u015br\u00f3d wyselekcjonowanych zabieg\u00f3w, us\u0142ug wellness, produkt\u00f3w oraz sauny, zaprojektowanych, aby odnowi\u0107 cia\u0142o i umys\u0142.<\/p>\n<p>W celu uzyskania informacji i dokonania rezerwacji prosimy o codzienny kontakt z recepcj\u0105 hotelu.<\/p>\n\t\t\t\t\t\t\t\t<\/div>\n\t\t\t\t<div class=\"elementor-element elementor-element-d09bb11 elementor-widget elementor-widget-heading\" data-id=\"d09bb11\" data-element_type=\"widget\" data-widget_type=\"heading.default\">\n\t\t\t\t\t<h2 class=\"elementor-heading-title elementor-size-default\">Masa\u017ce i Zabiegi Wellness<\/h2>\t\t\t\t<\/div>\n\t\t\t\t<div class=\"elementor-element elementor-element-e5ab898 elementor-widget__width-initial elementor-widget elementor-widget-text-editor\" data-id=\"e5ab898\" data-element_type=\"widget\" data-widget_type=\"text-editor.default\">\n\t\t\t\t\t\t\t\t\t<p><strong>Masa\u017c plec\u00f3w \u2013 karku \u2013 g\u0142owy (30\u2019 \/ 45\u2019)<\/strong><\/p>\n<p>Terapeutyczny masa\u017c skupiaj\u0105cy si\u0119 na mi\u0119\u015bniach plec\u00f3w, karku i ramion, zako\u0144czony relaksuj\u0105cym masa\u017cem g\u0142owy.<\/p>\n<p><strong>Masa\u017c antystresowy (30\u2019 \/ 60\u2019)<\/strong><\/p>\n<p>Relaksuj\u0105cy masa\u017c ca\u0142ego cia\u0142a ze \u015brednim naciskiem, zapewniaj\u0105cy g\u0142\u0119bok\u0105 regeneracj\u0119 cia\u0142a i umys\u0142u.<\/p>\n<p><strong>Masa\u017c Deep Tissue (30\u2019 \/ 60\u2019)<\/strong><\/p>\n<p>Intensywny masa\u017c g\u0142\u0119boki pomagaj\u0105cy uwolni\u0107 przewlek\u0142e napi\u0119cie mi\u0119\u015bniowe.<\/p>\n<p><strong>Masa\u017c bambusowy (70\u2019)<\/strong><\/p>\n<p>Tradycyjny masa\u017c ca\u0142ego cia\u0142a z u\u017cyciem pa\u0142eczek bambusowych, dzia\u0142aj\u0105cy g\u0142\u0119boko na mi\u0119\u015bnie i redukuj\u0105cy napi\u0119cie.<\/p>\n<p><strong>Hydro masa\u017c (60\u2019)<\/strong><\/p>\n<p>Relaksuj\u0105cy masa\u017c ca\u0142ego cia\u0142a z u\u017cyciem mas\u0142a shea, oleju kokosowego, aloesu i innych sk\u0142adnik\u00f3w od\u017cywczych, zapewniaj\u0105cych intensywne nawil\u017cenie.<\/p>\n<p><strong>Masa\u017c ko\u0144czyn (45\u2019)<\/strong><\/p>\n<p>Masa\u017c g\u0142owy, twarzy, szyi, d\u0142oni i st\u00f3p, sprzyjaj\u0105cy r\u00f3wnowadze i g\u0142\u0119bokiemu odpr\u0119\u017ceniu.<\/p>\n<p><strong>Masa\u017c st\u00f3p (30\u2019)<\/strong><\/p>\n<p>Koj\u0105cy masa\u017c redukuj\u0105cy zm\u0119czenie dolnych partii cia\u0142a.<\/p>\n<p><strong>Masa\u017c dla dzieci (5\u201312 lat) (20\u2019)<\/strong><\/p>\n<p>Delikatny masa\u017c dla dzieci, wspieraj\u0105cy lepszy sen, dobre samopoczucie i pewno\u015b\u0107 siebie, z u\u017cyciem krem\u00f3w na bazie owoc\u00f3w.<\/p>\n<p><strong>Zabieg na twarz<\/strong><\/p>\n<p>Zabieg dostosowany do potrzeb ka\u017cdego rodzaju sk\u00f3ry, zapewniaj\u0105cy \u015bwie\u017cy i zdrowy wygl\u0105d.<\/p>\n<p><strong>Sauna<\/strong><\/p>\n<p>Uzupe\u0142nij swoj\u0105 wizyt\u0119 w spa, korzystaj\u0105c z sauny Compact Spa \u2013 idealnej do relaksu, detoksykacji i regeneracji.<\/p>\n<p><strong>Produkty Wellness<\/strong><\/p>\n<p>W Compact Spa oferujemy starannie wyselekcjonowane produkty stworzone z najczystszych sk\u0142adnik\u00f3w pochodz\u0105cych z morza i natury wyspy Kefalonia.<\/p>\n\t\t\t\t\t\t\t\t<\/div>\n\t\t\t\t<\/div>\n\t\t\t\t<\/div>\n\t\t<div class=\"elementor-element elementor-element-7482ca8 e-con-full e-flex e-con e-child\" data-id=\"7482ca8\" data-element_type=\"container\">\n\t\t\t\t<div class=\"elementor-element elementor-element-9d47121 elementor-widget elementor-widget-gallery\" data-id=\"9d47121\" data-element_type=\"widget\" data-settings=\"{&quot;gallery_layout&quot;:&quot;masonry&quot;,&quot;columns&quot;:2,&quot;columns_laptop&quot;:2,&quot;columns_tablet_extra&quot;:2,&quot;columns_mobile_extra&quot;:1,&quot;lazyload&quot;:&quot;yes&quot;,&quot;columns_tablet&quot;:2,&quot;columns_mobile&quot;:1,&quot;gap&quot;:{&quot;unit&quot;:&quot;px&quot;,&quot;size&quot;:10,&quot;sizes&quot;:[]},&quot;gap_widescreen&quot;:{&quot;unit&quot;:&quot;px&quot;,&quot;size&quot;:&quot;&quot;,&quot;sizes&quot;:[]},&quot;gap_laptop&quot;:{&quot;unit&quot;:&quot;px&quot;,&quot;size&quot;:10,&quot;sizes&quot;:[]},&quot;gap_tablet_extra&quot;:{&quot;unit&quot;:&quot;px&quot;,&quot;size&quot;:10,&quot;sizes&quot;:[]},&quot;gap_tablet&quot;:{&quot;unit&quot;:&quot;px&quot;,&quot;size&quot;:10,&quot;sizes&quot;:[]},&quot;gap_mobile_extra&quot;:{&quot;unit&quot;:&quot;px&quot;,&quot;size&quot;:10,&quot;sizes&quot;:[]},&quot;gap_mobile&quot;:{&quot;unit&quot;:&quot;px&quot;,&quot;size&quot;:10,&quot;sizes&quot;:[]},&quot;link_to&quot;:&quot;file&quot;,&quot;content_hover_animation&quot;:&quot;fade-in&quot;}\" data-widget_type=\"gallery.default\">\n\t\t\t\t\t\t\t<div class=\"elementor-gallery__container\">\n\t\t\t\t\t\t\t<a class=\"e-gallery-item elementor-gallery-item elementor-animated-content\" href=\"https:\/\/ionianseahotel.gr\/wp-content\/uploads\/2026\/02\/file_00000000b38471f4bc57dfe14833073d.webp\" data-elementor-open-lightbox=\"yes\" data-elementor-lightbox-slideshow=\"9d47121\" data-e-action-hash=\"#elementor-action%3Aaction%3Dlightbox%26settings%3DeyJpZCI6NDM2MSwidXJsIjoiaHR0cHM6XC9cL2lvbmlhbnNlYWhvdGVsLmdyXC93cC1jb250ZW50XC91cGxvYWRzXC8yMDI2XC8wMlwvZmlsZV8wMDAwMDAwMGIzODQ3MWY0YmM1N2RmZTE0ODMzMDczZC53ZWJwIiwic2xpZGVzaG93IjoiOWQ0NzEyMSJ9\">\n\t\t\t\t\t<div class=\"e-gallery-image elementor-gallery-item__image\" data-thumbnail=\"https:\/\/ionianseahotel.gr\/wp-content\/uploads\/2026\/02\/file_00000000b38471f4bc57dfe14833073d.webp\" data-width=\"1536\" data-height=\"1024\" aria-label=\"\" role=\"img\" ><\/div>\n\t\t\t\t\t\t\t\t\t\t\t\t\t\t<\/a>\n\t\t\t\t\t\t\t<a class=\"e-gallery-item elementor-gallery-item elementor-animated-content\" href=\"https:\/\/ionianseahotel.gr\/wp-content\/uploads\/2026\/01\/\u0395\u03b9\u03ba\u03cc\u03bd\u03b12.jpg\" data-elementor-open-lightbox=\"yes\" data-elementor-lightbox-slideshow=\"9d47121\" data-e-action-hash=\"#elementor-action%3Aaction%3Dlightbox%26settings%3DeyJpZCI6NDE4NywidXJsIjoiaHR0cHM6XC9cL2lvbmlhbnNlYWhvdGVsLmdyXC93cC1jb250ZW50XC91cGxvYWRzXC8yMDI2XC8wMVwvXHUwMzk1XHUwM2I5XHUwM2JhXHUwM2NjXHUwM2JkXHUwM2IxMi5qcGciLCJzbGlkZXNob3ciOiI5ZDQ3MTIxIn0%3D\">\n\t\t\t\t\t<div class=\"e-gallery-image elementor-gallery-item__image\" data-thumbnail=\"https:\/\/ionianseahotel.gr\/wp-content\/uploads\/2026\/01\/\u0395\u03b9\u03ba\u03cc\u03bd\u03b12.jpg\" data-width=\"609\" data-height=\"997\" aria-label=\"\" role=\"img\" ><\/div>\n\t\t\t\t\t\t\t\t\t\t\t\t\t\t<\/a>\n\t\t\t\t\t\t\t<a class=\"e-gallery-item elementor-gallery-item elementor-animated-content\" href=\"https:\/\/ionianseahotel.gr\/wp-content\/uploads\/2026\/02\/file_00000000d2b871f4893878fc15786a5b.webp\" data-elementor-open-lightbox=\"yes\" data-elementor-lightbox-slideshow=\"9d47121\" data-e-action-hash=\"#elementor-action%3Aaction%3Dlightbox%26settings%3DeyJpZCI6NDM2MiwidXJsIjoiaHR0cHM6XC9cL2lvbmlhbnNlYWhvdGVsLmdyXC93cC1jb250ZW50XC91cGxvYWRzXC8yMDI2XC8wMlwvZmlsZV8wMDAwMDAwMGQyYjg3MWY0ODkzODc4ZmMxNTc4NmE1Yi53ZWJwIiwic2xpZGVzaG93IjoiOWQ0NzEyMSJ9\">\n\t\t\t\t\t<div class=\"e-gallery-image elementor-gallery-item__image\" data-thumbnail=\"https:\/\/ionianseahotel.gr\/wp-content\/uploads\/2026\/02\/file_00000000d2b871f4893878fc15786a5b.webp\" data-width=\"1024\" data-height=\"1536\" aria-label=\"\" role=\"img\" ><\/div>\n\t\t\t\t\t\t\t\t\t\t\t\t\t\t<\/a>\n\t\t\t\t\t<\/div>\n\t\t\t\t\t<\/div>\n\t\t\t\t<\/div>\n\t\t\t\t<\/div>\n\t\t\t\t<\/div>\n\t\t\t\t<\/div>\n\t\t","protected":false},"excerpt":{"rendered":"<p>Compact Spa Hotel Ionian Sea zaprasza do Compact Spa, nowoczesnej i starannie zaprojektowanej strefy wellness, stworzonej z my\u015bl\u0105 o relaksie i regeneracji. Zapraszamy do chwili pe\u0142nej spokoju i odpr\u0119\u017cenia, wybieraj\u0105c spo\u015br\u00f3d wyselekcjonowanych zabieg\u00f3w, us\u0142ug wellness, produkt\u00f3w oraz sauny, zaprojektowanych, aby odnowi\u0107 cia\u0142o i umys\u0142. W celu uzyskania informacji i dokonania rezerwacji prosimy o codzienny kontakt [&hellip;]<\/p>\n","protected":false},"author":1,"featured_media":0,"parent":2320,"menu_order":0,"comment_status":"closed","ping_status":"closed","template":"","meta":{"_acf_changed":false,"footnotes":""},"class_list":["post-4281","page","type-page","status-publish","hentry"],"acf":[],"_links":{"self":[{"href":"https:\/\/ionianseahotel.gr\/pl\/wp-json\/wp\/v2\/pages\/4281","targetHints":{"allow":["GET"]}}],"collection":[{"href":"https:\/\/ionianseahotel.gr\/pl\/wp-json\/wp\/v2\/pages"}],"about":[{"href":"https:\/\/ionianseahotel.gr\/pl\/wp-json\/wp\/v2\/types\/page"}],"author":[{"embeddable":true,"href":"https:\/\/ionianseahotel.gr\/pl\/wp-json\/wp\/v2\/users\/1"}],"replies":[{"embeddable":true,"href":"https:\/\/ionianseahotel.gr\/pl\/wp-json\/wp\/v2\/comments?post=4281"}],"version-history":[{"count":2,"href":"https:\/\/ionianseahotel.gr\/pl\/wp-json\/wp\/v2\/pages\/4281\/revisions"}],"predecessor-version":[{"id":4378,"href":"https:\/\/ionianseahotel.gr\/pl\/wp-json\/wp\/v2\/pages\/4281\/revisions\/4378"}],"up":[{"embeddable":true,"href":"https:\/\/ionianseahotel.gr\/pl\/wp-json\/wp\/v2\/pages\/2320"}],"wp:attachment":[{"href":"https:\/\/ionianseahotel.gr\/pl\/wp-json\/wp\/v2\/media?parent=4281"}],"curies":[{"name":"wp","href":"https:\/\/api.w.org\/{rel}","templated":true}]}}