{"id":4300,"date":"2025-10-14T19:32:36","date_gmt":"2025-10-14T16:32:36","guid":{"rendered":"https:\/\/ionian.softwebpages.eu\/cookies\/"},"modified":"2026-02-01T22:21:53","modified_gmt":"2026-02-01T20:21:53","slug":"cookies","status":"publish","type":"page","link":"https:\/\/ionianseahotel.gr\/pl\/cookies\/","title":{"rendered":"Cookies"},"content":{"rendered":"\t\t<div data-elementor-type=\"wp-page\" data-elementor-id=\"4300\" class=\"elementor elementor-4300 elementor-49\" data-elementor-post-type=\"page\">\n\t\t\t\t<div class=\"elementor-element elementor-element-f626093 e-flex e-con-boxed e-con e-parent\" data-id=\"f626093\" data-element_type=\"container\" data-settings=\"{&quot;background_background&quot;:&quot;classic&quot;}\">\n\t\t\t\t\t<div class=\"e-con-inner\">\n\t\t<div class=\"elementor-element elementor-element-25eddaf e-con-full e-flex e-con e-child\" data-id=\"25eddaf\" data-element_type=\"container\">\n\t\t\t\t<\/div>\n\t\t<div class=\"elementor-element elementor-element-102dcdb e-con-full e-flex e-con e-child\" data-id=\"102dcdb\" data-element_type=\"container\">\n\t\t\t\t<div class=\"elementor-element elementor-element-16571a2 animated-slow elementor-invisible elementor-widget elementor-widget-heading\" data-id=\"16571a2\" data-element_type=\"widget\" data-settings=\"{&quot;_animation&quot;:&quot;zoomIn&quot;}\" data-widget_type=\"heading.default\">\n\t\t\t\t\t<h1 class=\"elementor-heading-title elementor-size-default\">Cookies<\/h1>\t\t\t\t<\/div>\n\t\t\t\t<\/div>\n\t\t<div class=\"elementor-element elementor-element-6d2a6ca e-con-full e-flex e-con e-child\" data-id=\"6d2a6ca\" data-element_type=\"container\">\n\t\t\t\t<div class=\"elementor-element elementor-element-5ebc095 animated-slow elementor-view-default elementor-invisible elementor-widget elementor-widget-icon\" data-id=\"5ebc095\" data-element_type=\"widget\" data-settings=\"{&quot;_animation&quot;:&quot;fadeInDown&quot;}\" data-widget_type=\"icon.default\">\n\t\t\t\t\t\t\t<div class=\"elementor-icon-wrapper\">\n\t\t\t<a class=\"elementor-icon\" href=\"#policy\">\n\t\t\t<svg xmlns=\"http:\/\/www.w3.org\/2000\/svg\" width=\"76\" height=\"103\" viewBox=\"0 0 76 103\"><g id=\"Group_261\" data-name=\"Group 261\" transform=\"translate(-922 -942)\"><path id=\"Path_1\" data-name=\"Path 1\" d=\"M39,41.242,51.371,28.871,39,16.5Z\" transform=\"translate(988.871 963.278) rotate(90)\" fill=\"#fff\"><\/path><line id=\"Line_22\" data-name=\"Line 22\" x1=\"68\" transform=\"translate(960 942) rotate(90)\" fill=\"none\" stroke=\"#fff\" stroke-width=\"2\"><\/line><circle id=\"Ellipse_1\" data-name=\"Ellipse 1\" cx=\"37\" cy=\"37\" r=\"37\" transform=\"translate(997 970) rotate(90)\" fill=\"none\" stroke=\"#fff\" stroke-width=\"2\"><\/circle><\/g><\/svg>\t\t\t<\/a>\n\t\t<\/div>\n\t\t\t\t\t\t<\/div>\n\t\t\t\t<\/div>\n\t\t\t\t\t<\/div>\n\t\t\t\t<\/div>\n\t\t<div class=\"elementor-element elementor-element-463d448 e-flex e-con-boxed e-con e-parent\" data-id=\"463d448\" data-element_type=\"container\">\n\t\t\t\t\t<div class=\"e-con-inner\">\n\t\t\t\t<div class=\"elementor-element elementor-element-42bebca elementor-widget elementor-widget-menu-anchor\" data-id=\"42bebca\" data-element_type=\"widget\" data-widget_type=\"menu-anchor.default\">\n\t\t\t\t\t\t\t<div class=\"elementor-menu-anchor\" id=\"policy\"><\/div>\n\t\t\t\t\t\t<\/div>\n\t\t\t\t\t<\/div>\n\t\t\t\t<\/div>\n\t\t<div class=\"elementor-element elementor-element-8be359d e-con-full e-flex e-con e-parent\" data-id=\"8be359d\" data-element_type=\"container\">\n\t\t<div class=\"elementor-element elementor-element-447cb1d e-con-full e-flex e-con e-child\" data-id=\"447cb1d\" data-element_type=\"container\">\n\t\t<div class=\"elementor-element elementor-element-b7b619f e-con-full e-flex e-con e-child\" data-id=\"b7b619f\" data-element_type=\"container\">\n\t\t<div class=\"elementor-element elementor-element-316f608 e-con-full e-flex e-con e-child\" data-id=\"316f608\" data-element_type=\"container\">\n\t\t\t\t<div class=\"elementor-element elementor-element-4e25588 elementor-widget elementor-widget-heading\" data-id=\"4e25588\" data-element_type=\"widget\" data-widget_type=\"heading.default\">\n\t\t\t\t\t<h2 class=\"elementor-heading-title elementor-size-default\">Polityka Cookies<\/h2>\t\t\t\t<\/div>\n\t\t\t\t<div class=\"elementor-element elementor-element-85d8002 elementor-widget__width-initial elementor-widget elementor-widget-text-editor\" data-id=\"85d8002\" data-element_type=\"widget\" data-widget_type=\"text-editor.default\">\n\t\t\t\t\t\t\t\t\t<p><strong>Czym s\u0105 pliki cookies?<\/strong><br \/>Pliki cookies (ciasteczka) to ma\u0142e pliki tekstowe zapisywane na Twoim urz\u0105dzeniu podczas odwiedzania naszej strony internetowej. Pomagaj\u0105 nam one zapewni\u0107 lepsze wra\u017cenia u\u017cytkownika i analizowa\u0107 ruch na stronie.<\/p>\n<p>&nbsp;<\/p>\n<p><strong> Rodzaje plik\u00f3w cookies, kt\u00f3rych u\u017cywamy<\/strong><\/p>\n<ul>\n<li><strong>Niezb\u0119dne pliki cookies:<\/strong> Konieczne do funkcjonowania strony (np. proces rezerwacji).<\/li>\n<li><strong>Analityczne pliki cookies:<\/strong> Pomagaj\u0105 nam zrozumie\u0107, w jaki spos\u00f3b odwiedzaj\u0105cy korzystaj\u0105 z naszej strony (np. Google Analytics).<\/li>\n<li><strong>Funkcjonalne pliki cookies:<\/strong> Zapami\u0119tuj\u0105 Twoje preferencje (np. ustawienia j\u0119zyka).<\/li>\n<li><strong>Marketingowe pliki cookies:<\/strong> S\u0142u\u017c\u0105 do \u015bledzenia u\u017cytkownik\u00f3w na stronach internetowych w celu wy\u015bwietlania odpowiednich reklam.<\/li>\n<\/ul>\n<p>&nbsp;<\/p>\n<p><strong> Twoje wybory<\/strong><br \/>Mo\u017cesz zarz\u0105dza\u0107 plikami cookies lub je usuwa\u0107 za pomoc\u0105 ustawie\u0144 przegl\u0105darki. Jednak wy\u0142\u0105czenie niezb\u0119dnych plik\u00f3w cookies mo\u017ce wp\u0142yn\u0105\u0107 na funkcjonalno\u015b\u0107 naszej strony.<\/p>\n<p>&nbsp;<\/p>\n\t\t\t\t\t\t\t\t<\/div>\n\t\t\t\t<\/div>\n\t\t\t\t<\/div>\n\t\t\t\t<\/div>\n\t\t\t\t<\/div>\n\t\t\t\t<\/div>\n\t\t","protected":false},"excerpt":{"rendered":"<p>Polityka Cookies Czym s\u0105 pliki cookies?Pliki cookies (ciasteczka) to ma\u0142e pliki tekstowe zapisywane na Twoim urz\u0105dzeniu podczas odwiedzania naszej strony internetowej. Pomagaj\u0105 nam one zapewni\u0107 lepsze wra\u017cenia u\u017cytkownika i analizowa\u0107 ruch na stronie. &nbsp; Rodzaje plik\u00f3w cookies, kt\u00f3rych u\u017cywamy Niezb\u0119dne pliki cookies: Konieczne do funkcjonowania strony (np. proces rezerwacji). Analityczne pliki cookies: Pomagaj\u0105 nam zrozumie\u0107, [&hellip;]<\/p>\n","protected":false},"author":1,"featured_media":0,"parent":0,"menu_order":0,"comment_status":"closed","ping_status":"closed","template":"","meta":{"_acf_changed":false,"footnotes":""},"class_list":["post-4300","page","type-page","status-publish","hentry"],"acf":[],"_links":{"self":[{"href":"https:\/\/ionianseahotel.gr\/pl\/wp-json\/wp\/v2\/pages\/4300","targetHints":{"allow":["GET"]}}],"collection":[{"href":"https:\/\/ionianseahotel.gr\/pl\/wp-json\/wp\/v2\/pages"}],"about":[{"href":"https:\/\/ionianseahotel.gr\/pl\/wp-json\/wp\/v2\/types\/page"}],"author":[{"embeddable":true,"href":"https:\/\/ionianseahotel.gr\/pl\/wp-json\/wp\/v2\/users\/1"}],"replies":[{"embeddable":true,"href":"https:\/\/ionianseahotel.gr\/pl\/wp-json\/wp\/v2\/comments?post=4300"}],"version-history":[{"count":2,"href":"https:\/\/ionianseahotel.gr\/pl\/wp-json\/wp\/v2\/pages\/4300\/revisions"}],"predecessor-version":[{"id":4312,"href":"https:\/\/ionianseahotel.gr\/pl\/wp-json\/wp\/v2\/pages\/4300\/revisions\/4312"}],"wp:attachment":[{"href":"https:\/\/ionianseahotel.gr\/pl\/wp-json\/wp\/v2\/media?parent=4300"}],"curies":[{"name":"wp","href":"https:\/\/api.w.org\/{rel}","templated":true}]}}