{"id":4325,"date":"2025-10-14T19:32:26","date_gmt":"2025-10-14T16:32:26","guid":{"rendered":"https:\/\/ionian.softwebpages.eu\/personal-data\/"},"modified":"2026-02-01T22:28:07","modified_gmt":"2026-02-01T20:28:07","slug":"personal-data","status":"publish","type":"page","link":"https:\/\/ionianseahotel.gr\/pl\/personal-data\/","title":{"rendered":"Personal Data"},"content":{"rendered":"\t\t<div data-elementor-type=\"wp-page\" data-elementor-id=\"4325\" class=\"elementor elementor-4325 elementor-47\" data-elementor-post-type=\"page\">\n\t\t\t\t<div class=\"elementor-element elementor-element-a3f1630 e-flex e-con-boxed e-con e-parent\" data-id=\"a3f1630\" data-element_type=\"container\" data-settings=\"{&quot;background_background&quot;:&quot;classic&quot;}\">\n\t\t\t\t\t<div class=\"e-con-inner\">\n\t\t<div class=\"elementor-element elementor-element-f940635 e-con-full e-flex e-con e-child\" data-id=\"f940635\" data-element_type=\"container\">\n\t\t\t\t<\/div>\n\t\t<div class=\"elementor-element elementor-element-51bff9f e-con-full e-flex e-con e-child\" data-id=\"51bff9f\" data-element_type=\"container\">\n\t\t\t\t<div class=\"elementor-element elementor-element-98b4f08 animated-slow elementor-invisible elementor-widget elementor-widget-heading\" data-id=\"98b4f08\" data-element_type=\"widget\" data-settings=\"{&quot;_animation&quot;:&quot;zoomIn&quot;}\" data-widget_type=\"heading.default\">\n\t\t\t\t\t<h1 class=\"elementor-heading-title elementor-size-default\">Personal Data<\/h1>\t\t\t\t<\/div>\n\t\t\t\t<\/div>\n\t\t<div class=\"elementor-element elementor-element-9580e9d e-con-full e-flex e-con e-child\" data-id=\"9580e9d\" data-element_type=\"container\">\n\t\t\t\t<div class=\"elementor-element elementor-element-efe8a63 animated-slow elementor-view-default elementor-invisible elementor-widget elementor-widget-icon\" data-id=\"efe8a63\" data-element_type=\"widget\" data-settings=\"{&quot;_animation&quot;:&quot;fadeInDown&quot;}\" data-widget_type=\"icon.default\">\n\t\t\t\t\t\t\t<div class=\"elementor-icon-wrapper\">\n\t\t\t<a class=\"elementor-icon\" href=\"#policy\">\n\t\t\t<svg xmlns=\"http:\/\/www.w3.org\/2000\/svg\" width=\"76\" height=\"103\" viewBox=\"0 0 76 103\"><g id=\"Group_261\" data-name=\"Group 261\" transform=\"translate(-922 -942)\"><path id=\"Path_1\" data-name=\"Path 1\" d=\"M39,41.242,51.371,28.871,39,16.5Z\" transform=\"translate(988.871 963.278) rotate(90)\" fill=\"#fff\"><\/path><line id=\"Line_22\" data-name=\"Line 22\" x1=\"68\" transform=\"translate(960 942) rotate(90)\" fill=\"none\" stroke=\"#fff\" stroke-width=\"2\"><\/line><circle id=\"Ellipse_1\" data-name=\"Ellipse 1\" cx=\"37\" cy=\"37\" r=\"37\" transform=\"translate(997 970) rotate(90)\" fill=\"none\" stroke=\"#fff\" stroke-width=\"2\"><\/circle><\/g><\/svg>\t\t\t<\/a>\n\t\t<\/div>\n\t\t\t\t\t\t<\/div>\n\t\t\t\t<\/div>\n\t\t\t\t\t<\/div>\n\t\t\t\t<\/div>\n\t\t<div class=\"elementor-element elementor-element-949557d e-flex e-con-boxed e-con e-parent\" data-id=\"949557d\" data-element_type=\"container\">\n\t\t\t\t\t<div class=\"e-con-inner\">\n\t\t\t\t<div class=\"elementor-element elementor-element-d318729 elementor-widget elementor-widget-menu-anchor\" data-id=\"d318729\" data-element_type=\"widget\" data-widget_type=\"menu-anchor.default\">\n\t\t\t\t\t\t\t<div class=\"elementor-menu-anchor\" id=\"policy\"><\/div>\n\t\t\t\t\t\t<\/div>\n\t\t\t\t\t<\/div>\n\t\t\t\t<\/div>\n\t\t<div class=\"elementor-element elementor-element-62ee880 e-con-full e-flex e-con e-parent\" data-id=\"62ee880\" data-element_type=\"container\">\n\t\t<div class=\"elementor-element elementor-element-b4ed3f6 e-con-full e-flex e-con e-child\" data-id=\"b4ed3f6\" data-element_type=\"container\">\n\t\t<div class=\"elementor-element elementor-element-0e179b7 e-con-full e-flex e-con e-child\" data-id=\"0e179b7\" data-element_type=\"container\">\n\t\t<div class=\"elementor-element elementor-element-2c4b63a e-con-full e-flex e-con e-child\" data-id=\"2c4b63a\" data-element_type=\"container\">\n\t\t\t\t<div class=\"elementor-element elementor-element-d8b79b7 elementor-widget elementor-widget-heading\" data-id=\"d8b79b7\" data-element_type=\"widget\" data-widget_type=\"heading.default\">\n\t\t\t\t\t<h2 class=\"elementor-heading-title elementor-size-default\">Polityka Ochrony Danych Osobowych<\/h2>\t\t\t\t<\/div>\n\t\t\t\t<div class=\"elementor-element elementor-element-c88d762 elementor-widget__width-initial elementor-widget elementor-widget-text-editor\" data-id=\"c88d762\" data-element_type=\"widget\" data-widget_type=\"text-editor.default\">\n\t\t\t\t\t\t\t\t\t<p><strong>Gromadzenie Danych<\/strong><br \/>Podczas Twojej interakcji z Ionian Sea Hotel &amp; Villas \u2013 Aqua Park mo\u017cemy gromadzi\u0107 nast\u0119puj\u0105ce kategorie danych osobowych:<\/p>\n<ul>\n<li><strong>Szczeg\u00f3\u0142y rezerwacji:<\/strong> Imi\u0119 i nazwisko, e-mail, numer telefonu, daty pobytu oraz informacje o p\u0142atno\u015bciach (dane karty kredytowej).<\/li>\n<li><strong>Dane meldunkowe:<\/strong> Numer paszportu lub dowodu osobistego, data urodzenia, obywatelstwo, adres zamieszkania oraz numer rejestracyjny pojazdu (je\u015bli dotyczy).<\/li>\n<li><strong>Dane wra\u017cliwe:<\/strong> Informacje dotycz\u0105ce zdrowia (np. alergie, potrzeby w zakresie dost\u0119pno\u015bci) wy\u0142\u0105cznie wtedy, gdy zostan\u0105 nam one przekazane w celu zapewnienia bezpiecznego pobytu.<\/li>\n<li><strong>Dane marketingowe:<\/strong> Adres e-mail do subskrypcji newslettera (wy\u0142\u0105cznie za Twoj\u0105 wyra\u017an\u0105 zgod\u0105).<\/li>\n<\/ul>\n<p><strong><br \/>\nCel Przetwarzania<\/strong><br \/>zetwarzamy Twoje dane osobowe w nast\u0119puj\u0105cych celach:<\/p>\n<ul>\n<li><strong>Rezerwacja i Go\u015bcinno\u015b\u0107:<\/strong> Zarz\u0105dzanie rezerwacj\u0105, przydzielanie pokoi oraz p\u0142atno\u015bci (Podstawa prawna: Wykonanie umowy).<\/li>\n<li><strong>Zgodno\u015b\u0107 z przepisami prawa:<\/strong> Wype\u0142nienie greckich przepis\u00f3w podatkowych i policyjnych dotycz\u0105cych rejestracji go\u015bci (Podstawa prawna: Obowi\u0105zek prawny).<\/li>\n<li><strong>Obs\u0142uga Klienta:<\/strong> Odpowiadanie na pro\u015bby i doskonalenie naszych us\u0142ug (Podstawa prawna: Prawnie uzasadniony interes).<\/li>\n<\/ul>\n<p><strong><br \/>\nPrzechowywanie Danych<\/strong><br \/>Przechowujemy Twoje dane osobowe tylko tak d\u0142ugo, jak jest to konieczne do realizacji cel\u00f3w, dla kt\u00f3rych zosta\u0142y zebrane, w tym do spe\u0142nienia wszelkich wymog\u00f3w prawnych, ksi\u0119gowych lub sprawozdawczych.<\/p>\n<p><strong><br \/>\nUdost\u0119pnianie Danych<\/strong><br \/>Nie sprzedajemy Twoich danych. Mo\u017cemy udost\u0119pnia\u0107 niezb\u0119dne dane:<\/p>\n<ul>\n<li>Dostawcom us\u0142ug IT i oprogramowania (np. systemy rezerwacyjne).<\/li>\n<li>Bankom i podmiotom przetwarzaj\u0105cym p\u0142atno\u015bci.<\/li>\n<li>Organom publicznym (organy podatkowe, policja), gdy jest to wymagane przez prawo.<\/li>\n<\/ul>\n<p>&nbsp;<\/p>\n\t\t\t\t\t\t\t\t<\/div>\n\t\t\t\t<\/div>\n\t\t\t\t<\/div>\n\t\t\t\t<\/div>\n\t\t\t\t<\/div>\n\t\t\t\t<\/div>\n\t\t","protected":false},"excerpt":{"rendered":"<p>Polityka Ochrony Danych Osobowych Gromadzenie DanychPodczas Twojej interakcji z Ionian Sea Hotel &amp; Villas \u2013 Aqua Park mo\u017cemy gromadzi\u0107 nast\u0119puj\u0105ce kategorie danych osobowych: Szczeg\u00f3\u0142y rezerwacji: Imi\u0119 i nazwisko, e-mail, numer telefonu, daty pobytu oraz informacje o p\u0142atno\u015bciach (dane karty kredytowej). Dane meldunkowe: Numer paszportu lub dowodu osobistego, data urodzenia, obywatelstwo, adres zamieszkania oraz numer rejestracyjny [&hellip;]<\/p>\n","protected":false},"author":1,"featured_media":0,"parent":0,"menu_order":0,"comment_status":"closed","ping_status":"closed","template":"","meta":{"_acf_changed":false,"footnotes":""},"class_list":["post-4325","page","type-page","status-publish","hentry"],"acf":[],"_links":{"self":[{"href":"https:\/\/ionianseahotel.gr\/pl\/wp-json\/wp\/v2\/pages\/4325","targetHints":{"allow":["GET"]}}],"collection":[{"href":"https:\/\/ionianseahotel.gr\/pl\/wp-json\/wp\/v2\/pages"}],"about":[{"href":"https:\/\/ionianseahotel.gr\/pl\/wp-json\/wp\/v2\/types\/page"}],"author":[{"embeddable":true,"href":"https:\/\/ionianseahotel.gr\/pl\/wp-json\/wp\/v2\/users\/1"}],"replies":[{"embeddable":true,"href":"https:\/\/ionianseahotel.gr\/pl\/wp-json\/wp\/v2\/comments?post=4325"}],"version-history":[{"count":1,"href":"https:\/\/ionianseahotel.gr\/pl\/wp-json\/wp\/v2\/pages\/4325\/revisions"}],"predecessor-version":[{"id":4326,"href":"https:\/\/ionianseahotel.gr\/pl\/wp-json\/wp\/v2\/pages\/4325\/revisions\/4326"}],"wp:attachment":[{"href":"https:\/\/ionianseahotel.gr\/pl\/wp-json\/wp\/v2\/media?parent=4325"}],"curies":[{"name":"wp","href":"https:\/\/api.w.org\/{rel}","templated":true}]}}