{"id":4338,"date":"2025-10-14T11:46:42","date_gmt":"2025-10-14T08:46:42","guid":{"rendered":"https:\/\/ionian.softwebpages.eu\/privacy-policy\/"},"modified":"2026-02-01T22:37:18","modified_gmt":"2026-02-01T20:37:18","slug":"privacy-policy","status":"publish","type":"page","link":"https:\/\/ionianseahotel.gr\/pl\/privacy-policy\/","title":{"rendered":"Privacy Policy"},"content":{"rendered":"\t\t<div data-elementor-type=\"wp-page\" data-elementor-id=\"4338\" class=\"elementor elementor-4338 elementor-3\" data-elementor-post-type=\"page\">\n\t\t\t\t<div class=\"elementor-element elementor-element-c2001a2 e-flex e-con-boxed e-con e-parent\" data-id=\"c2001a2\" data-element_type=\"container\" data-settings=\"{&quot;background_background&quot;:&quot;classic&quot;}\">\n\t\t\t\t\t<div class=\"e-con-inner\">\n\t\t<div class=\"elementor-element elementor-element-22cdb8c e-con-full e-flex e-con e-child\" data-id=\"22cdb8c\" data-element_type=\"container\">\n\t\t\t\t<\/div>\n\t\t<div class=\"elementor-element elementor-element-ecb5b07 e-con-full e-flex e-con e-child\" data-id=\"ecb5b07\" data-element_type=\"container\">\n\t\t\t\t<div class=\"elementor-element elementor-element-2d5a194 animated-slow elementor-invisible elementor-widget elementor-widget-heading\" data-id=\"2d5a194\" data-element_type=\"widget\" data-settings=\"{&quot;_animation&quot;:&quot;zoomIn&quot;}\" data-widget_type=\"heading.default\">\n\t\t\t\t\t<h1 class=\"elementor-heading-title elementor-size-default\">Privacy Policy<\/h1>\t\t\t\t<\/div>\n\t\t\t\t<\/div>\n\t\t<div class=\"elementor-element elementor-element-8ff1701 e-con-full e-flex e-con e-child\" data-id=\"8ff1701\" data-element_type=\"container\">\n\t\t\t\t<div class=\"elementor-element elementor-element-91ecfd6 animated-slow elementor-view-default elementor-invisible elementor-widget elementor-widget-icon\" data-id=\"91ecfd6\" data-element_type=\"widget\" data-settings=\"{&quot;_animation&quot;:&quot;fadeInDown&quot;}\" data-widget_type=\"icon.default\">\n\t\t\t\t\t\t\t<div class=\"elementor-icon-wrapper\">\n\t\t\t<a class=\"elementor-icon\" href=\"#policy\">\n\t\t\t<svg xmlns=\"http:\/\/www.w3.org\/2000\/svg\" width=\"76\" height=\"103\" viewBox=\"0 0 76 103\"><g id=\"Group_261\" data-name=\"Group 261\" transform=\"translate(-922 -942)\"><path id=\"Path_1\" data-name=\"Path 1\" d=\"M39,41.242,51.371,28.871,39,16.5Z\" transform=\"translate(988.871 963.278) rotate(90)\" fill=\"#fff\"><\/path><line id=\"Line_22\" data-name=\"Line 22\" x1=\"68\" transform=\"translate(960 942) rotate(90)\" fill=\"none\" stroke=\"#fff\" stroke-width=\"2\"><\/line><circle id=\"Ellipse_1\" data-name=\"Ellipse 1\" cx=\"37\" cy=\"37\" r=\"37\" transform=\"translate(997 970) rotate(90)\" fill=\"none\" stroke=\"#fff\" stroke-width=\"2\"><\/circle><\/g><\/svg>\t\t\t<\/a>\n\t\t<\/div>\n\t\t\t\t\t\t<\/div>\n\t\t\t\t<\/div>\n\t\t\t\t\t<\/div>\n\t\t\t\t<\/div>\n\t\t<div class=\"elementor-element elementor-element-938cb39 e-flex e-con-boxed e-con e-parent\" data-id=\"938cb39\" data-element_type=\"container\">\n\t\t\t\t\t<div class=\"e-con-inner\">\n\t\t\t\t<div class=\"elementor-element elementor-element-cd7d2d2 elementor-widget elementor-widget-menu-anchor\" data-id=\"cd7d2d2\" data-element_type=\"widget\" data-widget_type=\"menu-anchor.default\">\n\t\t\t\t\t\t\t<div class=\"elementor-menu-anchor\" id=\"policy\"><\/div>\n\t\t\t\t\t\t<\/div>\n\t\t\t\t\t<\/div>\n\t\t\t\t<\/div>\n\t\t<div class=\"elementor-element elementor-element-aace651 e-con-full e-flex e-con e-parent\" data-id=\"aace651\" data-element_type=\"container\">\n\t\t<div class=\"elementor-element elementor-element-9a01d8b e-con-full e-flex e-con e-child\" data-id=\"9a01d8b\" data-element_type=\"container\">\n\t\t<div class=\"elementor-element elementor-element-14a145a e-con-full e-flex e-con e-child\" data-id=\"14a145a\" data-element_type=\"container\">\n\t\t<div class=\"elementor-element elementor-element-94f3f84 e-con-full e-flex e-con e-child\" data-id=\"94f3f84\" data-element_type=\"container\">\n\t\t\t\t<div class=\"elementor-element elementor-element-283a790 elementor-widget elementor-widget-heading\" data-id=\"283a790\" data-element_type=\"widget\" data-widget_type=\"heading.default\">\n\t\t\t\t\t<h2 class=\"elementor-heading-title elementor-size-default\">Polityka Prywatno\u015bci Data wej\u015bcia w \u017cycie: 16 grudnia 2025 r.<\/h2>\t\t\t\t<\/div>\n\t\t\t\t<div class=\"elementor-element elementor-element-4dcd4c6 elementor-widget__width-initial elementor-widget elementor-widget-text-editor\" data-id=\"4dcd4c6\" data-element_type=\"widget\" data-widget_type=\"text-editor.default\">\n\t\t\t\t\t\t\t\t\t<p><strong>Wprowadzenie<br \/>\n<\/strong>Witamy w <strong>Ionian Sea Hotel &amp; Villas \u2013 Aqua Park<\/strong>. Szanujemy Twoj\u0105 prywatno\u015b\u0107 i zobowi\u0105zujemy si\u0119 do ochrony Twoich danych osobowych. Niniejsza Polityka Prywatno\u015bci wyja\u015bnia nasze og\u00f3lne podej\u015bcie do ochrony danych oraz Twoje prawa wynikaj\u0105ce z Og\u00f3lnego Rozporz\u0105dzenia o Ochronie Danych (RODO).<\/p>\n<p><strong><br \/>\nAdministrator Danych<br \/>\n<\/strong>Podmiotem odpowiedzialnym za Twoje dane jest:<\/p>\n<ul>\n<li><strong>Firma:<\/strong> Ionian Sea Hotel &amp; Villas \u2013 Aqua Park<\/li>\n<li><strong>Adres:<\/strong> Kounopetra, Lixouri, Kefalonia, 28200, Grecja<\/li>\n<li><strong>E-mail:<\/strong> ionianseahotel@gmail.com<\/li>\n<li><strong>Telefon:<\/strong> +30 26710 92280<\/li>\n<\/ul>\n<p><strong><br \/>\nNasze zobowi\u0105zanie<br \/>\n<\/strong>Zapewniamy, \u017ce Twoje dane s\u0105 przetwarzane zgodnie z prawem, rzetelnie i w spos\u00f3b przejrzysty. Dane gromadzimy wy\u0142\u0105cznie w okre\u015blonych, wyra\u017anych i uzasadnionych celach i nie przetwarzamy ich dalej w spos\u00f3b niezgodny z tymi celami.<\/p>\n<p><strong><br \/>\nBezpiecze\u0144stwo<br \/>\n<\/strong>Wdro\u017cyli\u015bmy odpowiednie \u015brodki techniczne i organizacyjne w celu zabezpieczenia Twoich danych osobowych przed nieuprawnionym dost\u0119pem, utrat\u0105 lub niew\u0142a\u015bciwym u\u017cyciem, w tym stosowanie szyfrowania SSL na naszej stronie internetowej.<\/p>\n<p><strong><br \/>\nTwoje prawa<br \/>\n<\/strong>Masz prawo do dost\u0119pu do swoich danych, ich sprostowania, usuni\u0119cia lub ograniczenia przetwarzania. Masz r\u00f3wnie\u017c prawo do przenoszenia danych oraz prawo do wniesienia sprzeciwu. Aby skorzysta\u0107 z kt\u00f3regokolwiek z tych praw, prosimy o kontakt pod adresem <a href=\"mailto:ionianseahotel@gmail.com\">ionianseahotel@gmail.com<\/a>.<\/p>\n<p>Bardziej szczeg\u00f3\u0142owe informacje na temat konkretnych danych, kt\u00f3re gromadzimy, mo\u017cna znale\u017a\u0107 w naszej <strong>Polityce Danych Osobowych<\/strong>. Informacje na temat technologii \u015bledzenia znajduj\u0105 si\u0119 w naszej <strong>Polityce Cookies<\/strong>.<\/p>\n\t\t\t\t\t\t\t\t<\/div>\n\t\t\t\t<\/div>\n\t\t\t\t<\/div>\n\t\t\t\t<\/div>\n\t\t\t\t<\/div>\n\t\t\t\t<\/div>\n\t\t","protected":false},"excerpt":{"rendered":"<p>Polityka Prywatno\u015bci Data wej\u015bcia w \u017cycie: 16 grudnia 2025 r. Wprowadzenie Witamy w Ionian Sea Hotel &amp; Villas \u2013 Aqua Park. Szanujemy Twoj\u0105 prywatno\u015b\u0107 i zobowi\u0105zujemy si\u0119 do ochrony Twoich danych osobowych. Niniejsza Polityka Prywatno\u015bci wyja\u015bnia nasze og\u00f3lne podej\u015bcie do ochrony danych oraz Twoje prawa wynikaj\u0105ce z Og\u00f3lnego Rozporz\u0105dzenia o Ochronie Danych (RODO). Administrator Danych [&hellip;]<\/p>\n","protected":false},"author":1,"featured_media":0,"parent":0,"menu_order":0,"comment_status":"closed","ping_status":"open","template":"","meta":{"_acf_changed":false,"footnotes":""},"class_list":["post-4338","page","type-page","status-publish","hentry"],"acf":[],"_links":{"self":[{"href":"https:\/\/ionianseahotel.gr\/pl\/wp-json\/wp\/v2\/pages\/4338","targetHints":{"allow":["GET"]}}],"collection":[{"href":"https:\/\/ionianseahotel.gr\/pl\/wp-json\/wp\/v2\/pages"}],"about":[{"href":"https:\/\/ionianseahotel.gr\/pl\/wp-json\/wp\/v2\/types\/page"}],"author":[{"embeddable":true,"href":"https:\/\/ionianseahotel.gr\/pl\/wp-json\/wp\/v2\/users\/1"}],"replies":[{"embeddable":true,"href":"https:\/\/ionianseahotel.gr\/pl\/wp-json\/wp\/v2\/comments?post=4338"}],"version-history":[{"count":1,"href":"https:\/\/ionianseahotel.gr\/pl\/wp-json\/wp\/v2\/pages\/4338\/revisions"}],"predecessor-version":[{"id":4339,"href":"https:\/\/ionianseahotel.gr\/pl\/wp-json\/wp\/v2\/pages\/4338\/revisions\/4339"}],"wp:attachment":[{"href":"https:\/\/ionianseahotel.gr\/pl\/wp-json\/wp\/v2\/media?parent=4338"}],"curies":[{"name":"wp","href":"https:\/\/api.w.org\/{rel}","templated":true}]}}